{"id":1638,"date":"2023-01-25T01:02:32","date_gmt":"2023-01-25T01:02:32","guid":{"rendered":"http:\/\/www.cirpici.com.tr\/?page_id=1638"},"modified":"2023-01-25T01:03:53","modified_gmt":"2023-01-25T01:03:53","slug":"biz-kimiz","status":"publish","type":"page","link":"http:\/\/www.cirpici.com.tr\/en\/biz-kimiz\/","title":{"rendered":"About Us"},"content":{"rendered":"<div data-elementor-type=\"wp-page\" data-elementor-id=\"1638\" class=\"elementor elementor-1638\">\n\t\t\t\t\t\t\t\t\t<section class=\"elementor-section elementor-top-section elementor-element elementor-element-64453bd elementor-section-boxed elementor-section-height-default elementor-section-height-default wpr-particle-no wpr-jarallax-no wpr-parallax-no wpr-sticky-section-no\" data-id=\"64453bd\" data-element_type=\"section\">\n\t\t\t\t\t\t<div class=\"elementor-container elementor-column-gap-default\">\n\t\t\t\t\t<div class=\"elementor-column elementor-col-100 elementor-top-column elementor-element elementor-element-8b86075\" data-id=\"8b86075\" data-element_type=\"column\">\n\t\t\t<div class=\"elementor-widget-wrap elementor-element-populated\">\n\t\t\t\t\t\t\t\t<div class=\"elementor-element elementor-element-e693c81 elementor-widget elementor-widget-heading\" data-id=\"e693c81\" data-element_type=\"widget\" data-widget_type=\"heading.default\">\n\t\t\t\t<div class=\"elementor-widget-container\">\n\t\t\t<style>\/*! elementor - v3.10.1 - 17-01-2023 *\/\n.elementor-heading-title{padding:0;margin:0;line-height:1}.elementor-widget-heading .elementor-heading-title[class*=elementor-size-]>a{color:inherit;font-size:inherit;line-height:inherit}.elementor-widget-heading .elementor-heading-title.elementor-size-small{font-size:15px}.elementor-widget-heading .elementor-heading-title.elementor-size-medium{font-size:19px}.elementor-widget-heading .elementor-heading-title.elementor-size-large{font-size:29px}.elementor-widget-heading .elementor-heading-title.elementor-size-xl{font-size:39px}.elementor-widget-heading .elementor-heading-title.elementor-size-xxl{font-size:59px}<\/style><h2 class=\"elementor-heading-title elementor-size-default\">Who is \u00c7\u0131rp\u0131c\u0131 Stainless Decoration?<\/h2>\t\t<\/div>\n\t\t\t\t<\/div>\n\t\t\t\t\t<\/div>\n\t\t<\/div>\n\t\t\t\t\t\t\t<\/div>\n\t\t<\/section>\n\t\t\t\t<section class=\"elementor-section elementor-top-section elementor-element elementor-element-579067d elementor-section-boxed elementor-section-height-default elementor-section-height-default wpr-particle-no wpr-jarallax-no wpr-parallax-no wpr-sticky-section-no\" data-id=\"579067d\" data-element_type=\"section\">\n\t\t\t\t\t\t<div class=\"elementor-container elementor-column-gap-default\">\n\t\t\t\t\t<div class=\"elementor-column elementor-col-100 elementor-top-column elementor-element elementor-element-d3e64a9\" data-id=\"d3e64a9\" data-element_type=\"column\">\n\t\t\t<div class=\"elementor-widget-wrap elementor-element-populated\">\n\t\t\t\t\t\t\t\t<div class=\"elementor-element elementor-element-487f3b1 elementor-widget elementor-widget-text-editor\" data-id=\"487f3b1\" data-element_type=\"widget\" data-widget_type=\"text-editor.default\">\n\t\t\t\t<div class=\"elementor-widget-container\">\n\t\t\t<style>\/*! elementor - v3.10.1 - 17-01-2023 *\/\n.elementor-widget-text-editor.elementor-drop-cap-view-stacked .elementor-drop-cap{background-color:#818a91;color:#fff}.elementor-widget-text-editor.elementor-drop-cap-view-framed .elementor-drop-cap{color:#818a91;border:3px solid;background-color:transparent}.elementor-widget-text-editor:not(.elementor-drop-cap-view-default) .elementor-drop-cap{margin-top:8px}.elementor-widget-text-editor:not(.elementor-drop-cap-view-default) .elementor-drop-cap-letter{width:1em;height:1em}.elementor-widget-text-editor .elementor-drop-cap{float:left;text-align:center;line-height:1;font-size:50px}.elementor-widget-text-editor .elementor-drop-cap-letter{display:inline-block}<\/style>\t\t\t\t<p>Our company was founded in 1950 as Kerem Makina Koll. Sti. as our founder Kerem \u00c7\u0131rp\u0131c\u0131 started to serve the Turkish sector by manufacturing hydraulic press pumps, truck tractor tables, truck axle shafts, drilling pipes and contracting works. Desiring to serve the naval needs of developing Turkey, Kenan \u00c7\u0131rp\u0131c\u0131 and Necdet \u00c7\u0131rp\u0131c\u0131 established \u00c7IRPICI A.\u015e. in 1965, becoming the first founder of Turkey in the stainless yacht equipment business and continued metal decoration business. In 2004, \u00c7IRPICI STAINLESS DECORATION was established with 3rd generation \u00c7IRPICI and continues to work on decorative metal. Our company is proud to train the owners of nearly 12 stainless steel companies established in Turkey and bring them to the sector. Our company has been continuing its business for 3 generations (Grandfather, Father, Son). and continues its services in the fields of hotels, stores, plazas, food, yachts and construction, in domestic and international projects, as a manufacturer and implementer with its expert team, to meet all kinds of needs. The path of those who love and want to use stainless materials will definitely join us.<\/p>\t\t\t\t\t\t<\/div>\n\t\t\t\t<\/div>\n\t\t\t\t\t<\/div>\n\t\t<\/div>\n\t\t\t\t\t\t\t<\/div>\n\t\t<\/section>\n\t\t\t\t\t\t\t<\/div>","protected":false},"excerpt":{"rendered":"<p>\u00c7\u0131rp\u0131c\u0131 Paslanmaz Dekorasyon Kimdir? \u015eirketimiz 1950 y\u0131l\u0131nda Kerem Makina Koll. \u015eti. olarak kurucumuz Kerem \u00c7\u0131rp\u0131c\u0131 taraf\u0131ndan hidrolik pres pompa imalat\u0131, t\u0131r \u00e7ekici tablalar\u0131, t\u0131r dingil milleri, sondaj borular\u0131 imalatlar\u0131\u00a0ve taahh\u00fct i\u015flerini\u00a0yaparak t\u00fcrk sekt\u00f6r\u00fcne hizmet vermeye ba\u015flam\u0131\u015ft\u0131r. Geli\u015fen T\u00fcrkiye\u2019nin deniz ihtiya\u00e7lar\u0131na hizmet vermek arzusuyla 1965 y\u0131l\u0131nda Kenan \u00c7\u0131rp\u0131c\u0131 ve Necdet \u00c7\u0131rp\u0131c\u0131, \u00c7IRPICI A.\u015e.\u2019yi kurarak paslanmaz yat [&hellip;]<\/p>","protected":false},"author":1,"featured_media":12,"parent":0,"menu_order":0,"comment_status":"closed","ping_status":"closed","template":"elementor_canvas","meta":[],"yoast_head":"<!-- This site is optimized with the Yoast SEO plugin v20.0 - https:\/\/yoast.com\/wordpress\/plugins\/seo\/ -->\n<title>\u00c7\u0131rp\u0131c\u0131 Paslanmaz Dekorasyon Kimdir?<\/title>\n<meta name=\"description\" content=\"1965 y\u0131l\u0131nda kurulan ve T\u00fcrkiye&#039;nin ilk paslanmaz ve yat donan\u0131m\u0131 \u015firketi olan \u00c7\u0131rp\u0131c\u0131 Paslanmaz kimdir?\" \/>\n<meta name=\"robots\" content=\"index, follow, max-snippet:-1, max-image-preview:large, max-video-preview:-1\" \/>\n<link rel=\"canonical\" href=\"http:\/\/www.cirpici.com.tr\/en\/biz-kimiz\/\" \/>\n<meta property=\"og:locale\" content=\"en_US\" \/>\n<meta property=\"og:type\" content=\"article\" \/>\n<meta property=\"og:title\" content=\"\u00c7\u0131rp\u0131c\u0131 Paslanmaz Dekorasyon Kimdir?\" \/>\n<meta property=\"og:description\" content=\"1965 y\u0131l\u0131nda kurulan ve T\u00fcrkiye&#039;nin ilk paslanmaz ve yat donan\u0131m\u0131 \u015firketi olan \u00c7\u0131rp\u0131c\u0131 Paslanmaz kimdir?\" \/>\n<meta property=\"og:url\" content=\"http:\/\/www.cirpici.com.tr\/en\/biz-kimiz\/\" \/>\n<meta property=\"og:site_name\" content=\"&Ccedil;\u0131rp\u0131c\u0131 Paslanmaz Dekorasyon\" \/>\n<meta property=\"article:modified_time\" content=\"2023-01-25T01:03:53+00:00\" \/>\n<meta property=\"og:image\" content=\"http:\/\/www.cirpici.com.tr\/wp-content\/uploads\/2023\/01\/Cirpici-Logo.png\" \/>\n\t<meta property=\"og:image:width\" content=\"1080\" \/>\n\t<meta property=\"og:image:height\" content=\"1080\" \/>\n\t<meta property=\"og:image:type\" content=\"image\/png\" \/>\n<meta name=\"twitter:card\" content=\"summary_large_image\" \/>\n<meta name=\"twitter:label1\" content=\"Est. reading time\" \/>\n\t<meta name=\"twitter:data1\" content=\"1 minute\" \/>\n<script type=\"application\/ld+json\" class=\"yoast-schema-graph\">{\"@context\":\"https:\/\/schema.org\",\"@graph\":[{\"@type\":\"WebPage\",\"@id\":\"http:\/\/www.cirpici.com.tr\/en\/biz-kimiz\/\",\"url\":\"http:\/\/www.cirpici.com.tr\/en\/biz-kimiz\/\",\"name\":\"\u00c7\u0131rp\u0131c\u0131 Paslanmaz Dekorasyon Kimdir?\",\"isPartOf\":{\"@id\":\"http:\/\/www.cirpici.com.tr\/#website\"},\"datePublished\":\"2023-01-25T01:02:32+00:00\",\"dateModified\":\"2023-01-25T01:03:53+00:00\",\"description\":\"1965 y\u0131l\u0131nda kurulan ve T\u00fcrkiye'nin ilk paslanmaz ve yat donan\u0131m\u0131 \u015firketi olan \u00c7\u0131rp\u0131c\u0131 Paslanmaz kimdir?\",\"breadcrumb\":{\"@id\":\"http:\/\/www.cirpici.com.tr\/en\/biz-kimiz\/#breadcrumb\"},\"inLanguage\":\"en-US\",\"potentialAction\":[{\"@type\":\"ReadAction\",\"target\":[\"http:\/\/www.cirpici.com.tr\/en\/biz-kimiz\/\"]}]},{\"@type\":\"BreadcrumbList\",\"@id\":\"http:\/\/www.cirpici.com.tr\/en\/biz-kimiz\/#breadcrumb\",\"itemListElement\":[{\"@type\":\"ListItem\",\"position\":1,\"name\":\"Anasayfa\",\"item\":\"http:\/\/www.cirpici.com.tr\/\"},{\"@type\":\"ListItem\",\"position\":2,\"name\":\"Biz Kimiz?\"}]},{\"@type\":\"WebSite\",\"@id\":\"http:\/\/www.cirpici.com.tr\/#website\",\"url\":\"http:\/\/www.cirpici.com.tr\/\",\"name\":\"\u00c7\u0131rp\u0131c\u0131 Paslanmaz Dekorasyon\",\"description\":\"Paslanmaz, Pirin&ccedil;, Bak\u0131r, Al&uuml;minyum &Ouml;zel \u0130malatlar\u0131\",\"publisher\":{\"@id\":\"http:\/\/www.cirpici.com.tr\/#organization\"},\"potentialAction\":[{\"@type\":\"SearchAction\",\"target\":{\"@type\":\"EntryPoint\",\"urlTemplate\":\"http:\/\/www.cirpici.com.tr\/?s={search_term_string}\"},\"query-input\":\"required name=search_term_string\"}],\"inLanguage\":\"en-US\"},{\"@type\":\"Organization\",\"@id\":\"http:\/\/www.cirpici.com.tr\/#organization\",\"name\":\"\u00c7\u0131rp\u0131c\u0131 Paslanmaz Dekorasyon\",\"url\":\"http:\/\/www.cirpici.com.tr\/\",\"logo\":{\"@type\":\"ImageObject\",\"inLanguage\":\"en-US\",\"@id\":\"http:\/\/www.cirpici.com.tr\/#\/schema\/logo\/image\/\",\"url\":\"http:\/\/www.cirpici.com.tr\/wp-content\/uploads\/2023\/01\/Cirpici-Logo.png\",\"contentUrl\":\"http:\/\/www.cirpici.com.tr\/wp-content\/uploads\/2023\/01\/Cirpici-Logo.png\",\"width\":1080,\"height\":1080,\"caption\":\"\u00c7\u0131rp\u0131c\u0131 Paslanmaz Dekorasyon\"},\"image\":{\"@id\":\"http:\/\/www.cirpici.com.tr\/#\/schema\/logo\/image\/\"}}]}<\/script>\n<!-- \/ Yoast SEO plugin. -->","yoast_head_json":{"title":"\u00c7\u0131rp\u0131c\u0131 Paslanmaz Dekorasyon Kimdir?","description":"1965 y\u0131l\u0131nda kurulan ve T\u00fcrkiye'nin ilk paslanmaz ve yat donan\u0131m\u0131 \u015firketi olan \u00c7\u0131rp\u0131c\u0131 Paslanmaz kimdir?","robots":{"index":"index","follow":"follow","max-snippet":"max-snippet:-1","max-image-preview":"max-image-preview:large","max-video-preview":"max-video-preview:-1"},"canonical":"http:\/\/www.cirpici.com.tr\/en\/biz-kimiz\/","og_locale":"en_US","og_type":"article","og_title":"\u00c7\u0131rp\u0131c\u0131 Paslanmaz Dekorasyon Kimdir?","og_description":"1965 y\u0131l\u0131nda kurulan ve T\u00fcrkiye'nin ilk paslanmaz ve yat donan\u0131m\u0131 \u015firketi olan \u00c7\u0131rp\u0131c\u0131 Paslanmaz kimdir?","og_url":"http:\/\/www.cirpici.com.tr\/en\/biz-kimiz\/","og_site_name":"&Ccedil;\u0131rp\u0131c\u0131 Paslanmaz Dekorasyon","article_modified_time":"2023-01-25T01:03:53+00:00","og_image":[{"width":1080,"height":1080,"url":"http:\/\/www.cirpici.com.tr\/wp-content\/uploads\/2023\/01\/Cirpici-Logo.png","type":"image\/png"}],"twitter_card":"summary_large_image","twitter_misc":{"Est. reading time":"1 minute"},"schema":{"@context":"https:\/\/schema.org","@graph":[{"@type":"WebPage","@id":"http:\/\/www.cirpici.com.tr\/en\/biz-kimiz\/","url":"http:\/\/www.cirpici.com.tr\/en\/biz-kimiz\/","name":"\u00c7\u0131rp\u0131c\u0131 Paslanmaz Dekorasyon Kimdir?","isPartOf":{"@id":"http:\/\/www.cirpici.com.tr\/#website"},"datePublished":"2023-01-25T01:02:32+00:00","dateModified":"2023-01-25T01:03:53+00:00","description":"1965 y\u0131l\u0131nda kurulan ve T\u00fcrkiye'nin ilk paslanmaz ve yat donan\u0131m\u0131 \u015firketi olan \u00c7\u0131rp\u0131c\u0131 Paslanmaz kimdir?","breadcrumb":{"@id":"http:\/\/www.cirpici.com.tr\/en\/biz-kimiz\/#breadcrumb"},"inLanguage":"en-US","potentialAction":[{"@type":"ReadAction","target":["http:\/\/www.cirpici.com.tr\/en\/biz-kimiz\/"]}]},{"@type":"BreadcrumbList","@id":"http:\/\/www.cirpici.com.tr\/en\/biz-kimiz\/#breadcrumb","itemListElement":[{"@type":"ListItem","position":1,"name":"Anasayfa","item":"http:\/\/www.cirpici.com.tr\/"},{"@type":"ListItem","position":2,"name":"Biz Kimiz?"}]},{"@type":"WebSite","@id":"http:\/\/www.cirpici.com.tr\/#website","url":"http:\/\/www.cirpici.com.tr\/","name":"\u00c7\u0131rp\u0131c\u0131 Paslanmaz Dekorasyon","description":"Paslanmaz, Pirin&ccedil;, Bak\u0131r, Al&uuml;minyum &Ouml;zel \u0130malatlar\u0131","publisher":{"@id":"http:\/\/www.cirpici.com.tr\/#organization"},"potentialAction":[{"@type":"SearchAction","target":{"@type":"EntryPoint","urlTemplate":"http:\/\/www.cirpici.com.tr\/?s={search_term_string}"},"query-input":"required name=search_term_string"}],"inLanguage":"en-US"},{"@type":"Organization","@id":"http:\/\/www.cirpici.com.tr\/#organization","name":"\u00c7\u0131rp\u0131c\u0131 Paslanmaz Dekorasyon","url":"http:\/\/www.cirpici.com.tr\/","logo":{"@type":"ImageObject","inLanguage":"en-US","@id":"http:\/\/www.cirpici.com.tr\/#\/schema\/logo\/image\/","url":"http:\/\/www.cirpici.com.tr\/wp-content\/uploads\/2023\/01\/Cirpici-Logo.png","contentUrl":"http:\/\/www.cirpici.com.tr\/wp-content\/uploads\/2023\/01\/Cirpici-Logo.png","width":1080,"height":1080,"caption":"\u00c7\u0131rp\u0131c\u0131 Paslanmaz Dekorasyon"},"image":{"@id":"http:\/\/www.cirpici.com.tr\/#\/schema\/logo\/image\/"}}]}},"_links":{"self":[{"href":"http:\/\/www.cirpici.com.tr\/en\/wp-json\/wp\/v2\/pages\/1638"}],"collection":[{"href":"http:\/\/www.cirpici.com.tr\/en\/wp-json\/wp\/v2\/pages"}],"about":[{"href":"http:\/\/www.cirpici.com.tr\/en\/wp-json\/wp\/v2\/types\/page"}],"author":[{"embeddable":true,"href":"http:\/\/www.cirpici.com.tr\/en\/wp-json\/wp\/v2\/users\/1"}],"replies":[{"embeddable":true,"href":"http:\/\/www.cirpici.com.tr\/en\/wp-json\/wp\/v2\/comments?post=1638"}],"version-history":[{"count":4,"href":"http:\/\/www.cirpici.com.tr\/en\/wp-json\/wp\/v2\/pages\/1638\/revisions"}],"predecessor-version":[{"id":1642,"href":"http:\/\/www.cirpici.com.tr\/en\/wp-json\/wp\/v2\/pages\/1638\/revisions\/1642"}],"wp:featuredmedia":[{"embeddable":true,"href":"http:\/\/www.cirpici.com.tr\/en\/wp-json\/wp\/v2\/media\/12"}],"wp:attachment":[{"href":"http:\/\/www.cirpici.com.tr\/en\/wp-json\/wp\/v2\/media?parent=1638"}],"curies":[{"name":"wp","href":"https:\/\/api.w.org\/{rel}","templated":true}]}}