{"id":1710,"date":"2023-01-25T01:26:34","date_gmt":"2023-01-25T01:26:34","guid":{"rendered":"http:\/\/www.cirpici.com.tr\/?page_id=1710"},"modified":"2023-04-06T19:27:31","modified_gmt":"2023-04-06T19:27:31","slug":"referanslarimiz","status":"publish","type":"page","link":"http:\/\/www.cirpici.com.tr\/en\/referanslarimiz\/","title":{"rendered":"Our references"},"content":{"rendered":"<div data-elementor-type=\"wp-page\" data-elementor-id=\"1710\" class=\"elementor elementor-1710\">\n\t\t\t\t\t\t\t\t\t<section class=\"elementor-section elementor-top-section elementor-element elementor-element-64453bd elementor-section-boxed elementor-section-height-default elementor-section-height-default wpr-particle-no wpr-jarallax-no wpr-parallax-no wpr-sticky-section-no\" data-id=\"64453bd\" data-element_type=\"section\">\n\t\t\t\t\t\t<div class=\"elementor-container elementor-column-gap-default\">\n\t\t\t\t\t<div class=\"elementor-column elementor-col-100 elementor-top-column elementor-element elementor-element-8b86075\" data-id=\"8b86075\" data-element_type=\"column\">\n\t\t\t<div class=\"elementor-widget-wrap elementor-element-populated\">\n\t\t\t\t\t\t\t\t<div class=\"elementor-element elementor-element-e693c81 elementor-widget elementor-widget-heading\" data-id=\"e693c81\" data-element_type=\"widget\" data-widget_type=\"heading.default\">\n\t\t\t\t<div class=\"elementor-widget-container\">\n\t\t\t<style>\/*! elementor - v3.10.1 - 17-01-2023 *\/\n.elementor-heading-title{padding:0;margin:0;line-height:1}.elementor-widget-heading .elementor-heading-title[class*=elementor-size-]>a{color:inherit;font-size:inherit;line-height:inherit}.elementor-widget-heading .elementor-heading-title.elementor-size-small{font-size:15px}.elementor-widget-heading .elementor-heading-title.elementor-size-medium{font-size:19px}.elementor-widget-heading .elementor-heading-title.elementor-size-large{font-size:29px}.elementor-widget-heading .elementor-heading-title.elementor-size-xl{font-size:39px}.elementor-widget-heading .elementor-heading-title.elementor-size-xxl{font-size:59px}<\/style><h2 class=\"elementor-heading-title elementor-size-default\">References<\/h2>\t\t<\/div>\n\t\t\t\t<\/div>\n\t\t\t\t\t<\/div>\n\t\t<\/div>\n\t\t\t\t\t\t\t<\/div>\n\t\t<\/section>\n\t\t\t\t<section class=\"elementor-section elementor-top-section elementor-element elementor-element-45deee7 elementor-section-boxed elementor-section-height-default elementor-section-height-default wpr-particle-no wpr-jarallax-no wpr-parallax-no wpr-sticky-section-no\" data-id=\"45deee7\" data-element_type=\"section\">\n\t\t\t\t\t\t<div class=\"elementor-container elementor-column-gap-default\">\n\t\t\t\t\t<div class=\"elementor-column elementor-col-33 elementor-top-column elementor-element elementor-element-8a32fe6\" data-id=\"8a32fe6\" data-element_type=\"column\">\n\t\t\t<div class=\"elementor-widget-wrap elementor-element-populated\">\n\t\t\t\t\t\t\t\t<div class=\"elementor-element elementor-element-6862dae elementor-widget elementor-widget-heading\" data-id=\"6862dae\" data-element_type=\"widget\" data-widget_type=\"heading.default\">\n\t\t\t\t<div class=\"elementor-widget-container\">\n\t\t\t<h2 class=\"elementor-heading-title elementor-size-default\">Architecture Offices<\/h2>\t\t<\/div>\n\t\t\t\t<\/div>\n\t\t\t\t<div class=\"elementor-element elementor-element-951cb20 elementor-widget elementor-widget-text-editor\" data-id=\"951cb20\" data-element_type=\"widget\" data-widget_type=\"text-editor.default\">\n\t\t\t\t<div class=\"elementor-widget-container\">\n\t\t\t<style>\/*! elementor - v3.10.1 - 17-01-2023 *\/\n.elementor-widget-text-editor.elementor-drop-cap-view-stacked .elementor-drop-cap{background-color:#818a91;color:#fff}.elementor-widget-text-editor.elementor-drop-cap-view-framed .elementor-drop-cap{color:#818a91;border:3px solid;background-color:transparent}.elementor-widget-text-editor:not(.elementor-drop-cap-view-default) .elementor-drop-cap{margin-top:8px}.elementor-widget-text-editor:not(.elementor-drop-cap-view-default) .elementor-drop-cap-letter{width:1em;height:1em}.elementor-widget-text-editor .elementor-drop-cap{float:left;text-align:center;line-height:1;font-size:50px}.elementor-widget-text-editor .elementor-drop-cap-letter{display:inline-block}<\/style>\t\t\t\t<ul><li>AD Mimarl\u0131k<\/li><li>Artcode Mimarl\u0131k<\/li><li>Ata Mimari<\/li><li>Autoban Mimarl\u0131k<\/li><li>Biber Mimarl\u0131k<\/li><li>Fil Ambarlar\u0131 Mimarl\u0131k<\/li><li>Geomim Mimarl\u0131k<\/li><li>Ka Mimarl\u0131k<\/li><li>Oral Mimarl\u0131k<\/li><li>Pro Arch Mimarl\u0131k<\/li><li>Proje-Z Mimarl\u0131k<\/li><li>G\u00f6nye Tasar\u0131m<\/li><li>Toner Mimarl\u0131k<\/li><li>Ops Concept<\/li><\/ul>\t\t\t\t\t\t<\/div>\n\t\t\t\t<\/div>\n\t\t\t\t\t<\/div>\n\t\t<\/div>\n\t\t\t\t<div class=\"elementor-column elementor-col-33 elementor-top-column elementor-element elementor-element-48924f6\" data-id=\"48924f6\" data-element_type=\"column\">\n\t\t\t<div class=\"elementor-widget-wrap elementor-element-populated\">\n\t\t\t\t\t\t\t\t<div class=\"elementor-element elementor-element-65115be elementor-widget elementor-widget-heading\" data-id=\"65115be\" data-element_type=\"widget\" data-widget_type=\"heading.default\">\n\t\t\t\t<div class=\"elementor-widget-container\">\n\t\t\t<h2 class=\"elementor-heading-title elementor-size-default\">Taahh\u00fct ve \u0130n\u015faat Firmalar\u0131<\/h2>\t\t<\/div>\n\t\t\t\t<\/div>\n\t\t\t\t<div class=\"elementor-element elementor-element-27b09d8 elementor-widget elementor-widget-text-editor\" data-id=\"27b09d8\" data-element_type=\"widget\" data-widget_type=\"text-editor.default\">\n\t\t\t\t<div class=\"elementor-widget-container\">\n\t\t\t\t\t\t\t<ul><li>Akfen \u0130n\u015faat<\/li><li>Akkom \u0130n\u015faat<\/li><li>Dizge \u0130n\u015faat<\/li><li>Haznedaro\u011flu \u00d6zkan \u0130n\u015faat<\/li><li>\u0130lk \u0130n\u015faat<\/li><li>\u0130nanlar \u0130n\u015faat<\/li><li>Orkon \u0130n\u015faat<\/li><li>Ukra \u0130n\u015faat<\/li><li>Dikey \u0130n\u015faat<\/li><li>Y\u0131ld\u0131z \u0130n\u015faat<\/li><li>Pergel \u0130n\u015faat<\/li><li>Hitit Mobilya<\/li><li>More Contract<\/li><li>Tre Tasar\u0131m<\/li><li>Artmim<\/li><\/ul>\t\t\t\t\t\t<\/div>\n\t\t\t\t<\/div>\n\t\t\t\t\t<\/div>\n\t\t<\/div>\n\t\t\t\t<div class=\"elementor-column elementor-col-33 elementor-top-column elementor-element elementor-element-0aecfa6\" data-id=\"0aecfa6\" data-element_type=\"column\">\n\t\t\t<div class=\"elementor-widget-wrap elementor-element-populated\">\n\t\t\t\t\t\t\t\t<div class=\"elementor-element elementor-element-6df699c elementor-widget elementor-widget-heading\" data-id=\"6df699c\" data-element_type=\"widget\" data-widget_type=\"heading.default\">\n\t\t\t\t<div class=\"elementor-widget-container\">\n\t\t\t<h2 class=\"elementor-heading-title elementor-size-default\">Holdings<\/h2>\t\t<\/div>\n\t\t\t\t<\/div>\n\t\t\t\t<div class=\"elementor-element elementor-element-5a5372e elementor-widget elementor-widget-text-editor\" data-id=\"5a5372e\" data-element_type=\"widget\" data-widget_type=\"text-editor.default\">\n\t\t\t\t<div class=\"elementor-widget-container\">\n\t\t\t\t\t\t\t<ul><li>Borusan Holding Gemlik<\/li><li>Borusan Holding Halkal\u0131<\/li><li>Borusan Holding Kabata\u015f<\/li><li>Borusan Holding Perili K\u00f6\u015fk<\/li><li>BMW Ankara<\/li><li>BMW Avc\u0131lar<\/li><li>Coca Cola \u2013 Merkez<\/li><li>Eczac\u0131ba\u015f\u0131 Holding<\/li><li>Ekinciler Holding Binas\u0131<\/li><li>Eren Holding<\/li><li>MNG Holding<\/li><li>Unilever<\/li><\/ul>\t\t\t\t\t\t<\/div>\n\t\t\t\t<\/div>\n\t\t\t\t\t<\/div>\n\t\t<\/div>\n\t\t\t\t\t\t\t<\/div>\n\t\t<\/section>\n\t\t\t\t<section class=\"elementor-section elementor-top-section elementor-element elementor-element-a5d3055 elementor-section-boxed elementor-section-height-default elementor-section-height-default wpr-particle-no wpr-jarallax-no wpr-parallax-no wpr-sticky-section-no\" data-id=\"a5d3055\" data-element_type=\"section\">\n\t\t\t\t\t\t<div class=\"elementor-container elementor-column-gap-default\">\n\t\t\t\t\t<div class=\"elementor-column elementor-col-33 elementor-top-column elementor-element elementor-element-28d37fd\" data-id=\"28d37fd\" data-element_type=\"column\">\n\t\t\t<div class=\"elementor-widget-wrap elementor-element-populated\">\n\t\t\t\t\t\t\t\t<div class=\"elementor-element elementor-element-661851d elementor-widget elementor-widget-heading\" data-id=\"661851d\" data-element_type=\"widget\" data-widget_type=\"heading.default\">\n\t\t\t\t<div class=\"elementor-widget-container\">\n\t\t\t<h2 class=\"elementor-heading-title elementor-size-default\">Shops<\/h2>\t\t<\/div>\n\t\t\t\t<\/div>\n\t\t\t\t<div class=\"elementor-element elementor-element-6302583 elementor-widget elementor-widget-text-editor\" data-id=\"6302583\" data-element_type=\"widget\" data-widget_type=\"text-editor.default\">\n\t\t\t\t<div class=\"elementor-widget-container\">\n\t\t\t\t\t\t\t<ul><li>Armaggan Ni\u015fanta\u015f\u0131<\/li><li>Armaggan Nuriosmaniye<\/li><li>Avi Mobilya<\/li><li>Blank Ma\u011fazas\u0131 &#8211; Palladium<\/li><li>Coco Clementine<\/li><li>Dice Kayek \u2013 La Fayette Paris<\/li><li>Ermenegildo Zegna \u2013 \u0130stinye<\/li><li>Feru Ma\u011fazas\u0131 Kazakistan<\/li><li>G\u00fclaylar Alt\u0131n New York<\/li><li>Pomellato \u0130stinyepark<\/li><li>Hermes \u0130stinyepark<\/li><li>Home Store &#8211; T\u00fcm T\u00fcrkiye Ma\u011fazalar\u0131<\/li><li>K\u0131smet by Milka<\/li><li>Kahve D\u00fcnyas\u0131 Kemerburgaz<\/li><li>Lanvin Ma\u011fazas\u0131 Kazakistan<\/li><li>Louis Vuitton \u2013 Suadiye<\/li><li>Pelin Ma\u011fazalar\u0131<\/li><li>Polin Ma\u011fazas\u0131 Akmerkez<\/li><li>Prada \u0130stinyepark<\/li><li>Sponza Ma\u011fazalar\u0131<\/li><li>Vakko &#8211; T\u00fcm T\u00fcrkiye Ma\u011fazalar\u0131<\/li><li>Vakko Butik &#8211; T\u00fcm T\u00fcrkiye Ma\u011fazalar\u0131<\/li><\/ul>\t\t\t\t\t\t<\/div>\n\t\t\t\t<\/div>\n\t\t\t\t\t<\/div>\n\t\t<\/div>\n\t\t\t\t<div class=\"elementor-column elementor-col-33 elementor-top-column elementor-element elementor-element-3899ece\" data-id=\"3899ece\" data-element_type=\"column\">\n\t\t\t<div class=\"elementor-widget-wrap elementor-element-populated\">\n\t\t\t\t\t\t\t\t<div class=\"elementor-element elementor-element-005bbab elementor-widget elementor-widget-heading\" data-id=\"005bbab\" data-element_type=\"widget\" data-widget_type=\"heading.default\">\n\t\t\t\t<div class=\"elementor-widget-container\">\n\t\t\t<h2 class=\"elementor-heading-title elementor-size-default\">Plaza and Residences<\/h2>\t\t<\/div>\n\t\t\t\t<\/div>\n\t\t\t\t<div class=\"elementor-element elementor-element-7430359 elementor-widget elementor-widget-text-editor\" data-id=\"7430359\" data-element_type=\"widget\" data-widget_type=\"text-editor.default\">\n\t\t\t\t<div class=\"elementor-widget-container\">\n\t\t\t\t\t\t\t<ul><li>A\u011fao\u011flu \u0130dari Binas\u0131<\/li><li>A\u011fao\u011flu \u00c7ekmek\u00f6y<\/li><li>A\u011fao\u011flu MyWorld<\/li><li>Beykoz Konaklar\u0131 5 Villa<\/li><li>Chrysler-Tatko Villas\u0131<\/li><li>Country-Life Sitesi G\u00f6kt\u00fcrk<\/li><li>\u00c7ankaya K\u00f6\u015fk\u00fc \u2013 Ankara<\/li><li>G\u00fcnd\u00fcz Kaptano\u011flu Yal\u0131s\u0131<\/li><li>Hillside Etiler<\/li><li>Hyatt Residence Bak\u00fc<\/li><li>Mayadrom<\/li><li>Tarabya Cumhurba\u015fkanl\u0131\u011f\u0131 K\u00f6\u015fk\u00fc<\/li><li>T\u00fcrkiye Gazetesi Yal\u0131s\u0131<\/li><li>T\u00fczel Villalar\u0131 Etiler<\/li><li>Uptown Ankara<\/li><li>Uptown Metrocity<\/li><li>\u00dcstay Evleri<\/li><li>Yasa Konutlar\u0131 2 Villa<\/li><li>Zengin Bah\u00e7e Konutlar\u0131<\/li><li>Ni\u015fanta\u015f\u0131 42 Apartman\u0131<\/li><\/ul>\t\t\t\t\t\t<\/div>\n\t\t\t\t<\/div>\n\t\t\t\t\t<\/div>\n\t\t<\/div>\n\t\t\t\t<div class=\"elementor-column elementor-col-33 elementor-top-column elementor-element elementor-element-25ed7c3\" data-id=\"25ed7c3\" data-element_type=\"column\">\n\t\t\t<div class=\"elementor-widget-wrap elementor-element-populated\">\n\t\t\t\t\t\t\t\t<div class=\"elementor-element elementor-element-125eb06 elementor-widget elementor-widget-heading\" data-id=\"125eb06\" data-element_type=\"widget\" data-widget_type=\"heading.default\">\n\t\t\t\t<div class=\"elementor-widget-container\">\n\t\t\t<h2 class=\"elementor-heading-title elementor-size-default\">Hotels<\/h2>\t\t<\/div>\n\t\t\t\t<\/div>\n\t\t\t\t<div class=\"elementor-element elementor-element-0cd3b8e elementor-widget elementor-widget-text-editor\" data-id=\"0cd3b8e\" data-element_type=\"widget\" data-widget_type=\"text-editor.default\">\n\t\t\t\t<div class=\"elementor-widget-container\">\n\t\t\t\t\t\t\t<ul><li>A\u011fao\u011flu MyCity Otel<\/li><li>Four Seasons Hotel Sultanahmet<\/li><li>Hilton Convention Center<\/li><li>Mandarin Otel &#8211; Kuru\u00e7e\u015fme<\/li><li>Aman Hotel &#8211; New York<\/li><li>Hyatt Regency Otel Bak\u00fc<\/li><li>Hyatt Regency Birmingham<\/li><li>Raffles Hotel Zorlu Levent<\/li><li>Saphir Otel<\/li><li>Shangri-La Hotel Be\u015fikta\u015f<\/li><li>Swissotel \u0130stanbul<\/li><li>The Marmara Otel\u00a0Taksim<\/li><li>Wyndham Kalam\u0131\u015f Otel<\/li><li>St. Regis Ma\u00e7ka<\/li><li>Reges Resort<\/li><li>Peninsula \u0130stanbul<\/li><li>Marriott Hotel &#8211; Fulya<\/li><li>Swissotel \u00c7e\u015fme<\/li><li>Vakko Otel<\/li><li>Emaar Hotel Spa<\/li><li>Swissotel Spa<\/li><li>Raffles Hotel Spa<\/li><li>The Marmara Taksim Spa<\/li><\/ul>\t\t\t\t\t\t<\/div>\n\t\t\t\t<\/div>\n\t\t\t\t\t<\/div>\n\t\t<\/div>\n\t\t\t\t\t\t\t<\/div>\n\t\t<\/section>\n\t\t\t\t<section class=\"elementor-section elementor-top-section elementor-element elementor-element-f345f18 elementor-section-boxed elementor-section-height-default elementor-section-height-default wpr-particle-no wpr-jarallax-no wpr-parallax-no wpr-sticky-section-no\" data-id=\"f345f18\" data-element_type=\"section\">\n\t\t\t\t\t\t<div class=\"elementor-container elementor-column-gap-default\">\n\t\t\t\t\t<div class=\"elementor-column elementor-col-33 elementor-top-column elementor-element elementor-element-c12122b\" data-id=\"c12122b\" data-element_type=\"column\">\n\t\t\t<div class=\"elementor-widget-wrap elementor-element-populated\">\n\t\t\t\t\t\t\t\t<div class=\"elementor-element elementor-element-3d7ab06 elementor-widget elementor-widget-heading\" data-id=\"3d7ab06\" data-element_type=\"widget\" data-widget_type=\"heading.default\">\n\t\t\t\t<div class=\"elementor-widget-container\">\n\t\t\t<h2 class=\"elementor-heading-title elementor-size-default\">Di\u011fer<\/h2>\t\t<\/div>\n\t\t\t\t<\/div>\n\t\t\t\t<div class=\"elementor-element elementor-element-ff8efc0 elementor-widget elementor-widget-text-editor\" data-id=\"ff8efc0\" data-element_type=\"widget\" data-widget_type=\"text-editor.default\">\n\t\t\t\t<div class=\"elementor-widget-container\">\n\t\t\t\t\t\t\t<ul><li>Kiva Restorant Galataport<\/li><li>Frankie Restorant Galataport<\/li><li>Medipol Ba\u011fc\u0131lar Hastanesi<\/li><li>Beymen Brasserie &#8211; Ni\u015fanta\u015f\u0131<\/li><li>Ziraat Bankas\u0131 &#8211; Finanspark<\/li><li>Coco Clamentine<\/li><li>Kahve D\u00fcnyas\u0131 &#8211; Kemerburgaz<\/li><li>Vakko Cafe &#8211; T\u00fcm T\u00fcrkiye<\/li><li>Vako Brasserie &#8211; T\u00fcm T\u00fcrkiye<\/li><li>Vakkoroma Cafe &#8211; T\u00fcm T\u00fcrkiye Ma\u011fazalar\u0131<\/li><li>Vakko L&#8217;atalier &#8211; T\u00fcm T\u00fcrkiye Ma\u011fazalar\u0131<\/li><\/ul>\t\t\t\t\t\t<\/div>\n\t\t\t\t<\/div>\n\t\t\t\t\t<\/div>\n\t\t<\/div>\n\t\t\t\t<div class=\"elementor-column elementor-col-33 elementor-top-column elementor-element elementor-element-2c58885\" data-id=\"2c58885\" data-element_type=\"column\">\n\t\t\t<div class=\"elementor-widget-wrap\">\n\t\t\t\t\t\t\t\t\t<\/div>\n\t\t<\/div>\n\t\t\t\t<div class=\"elementor-column elementor-col-33 elementor-top-column elementor-element elementor-element-f96fd99\" data-id=\"f96fd99\" data-element_type=\"column\">\n\t\t\t<div class=\"elementor-widget-wrap\">\n\t\t\t\t\t\t\t\t\t<\/div>\n\t\t<\/div>\n\t\t\t\t\t\t\t<\/div>\n\t\t<\/section>\n\t\t\t\t\t\t\t<\/div>","protected":false},"excerpt":{"rendered":"<p>Referanslar Mimarl\u0131k Ofisleri AD Mimarl\u0131k Artcode Mimarl\u0131k Ata Mimari Autoban Mimarl\u0131k Biber Mimarl\u0131k Fil Ambarlar\u0131 Mimarl\u0131k Geomim Mimarl\u0131k Ka Mimarl\u0131k Oral Mimarl\u0131k Pro Arch Mimarl\u0131k Proje-Z Mimarl\u0131k G\u00f6nye Tasar\u0131m Toner Mimarl\u0131k Ops Concept Taahh\u00fct ve \u0130n\u015faat Firmalar\u0131 Akfen \u0130n\u015faat Akkom \u0130n\u015faat Dizge \u0130n\u015faat Haznedaro\u011flu \u00d6zkan \u0130n\u015faat \u0130lk \u0130n\u015faat \u0130nanlar \u0130n\u015faat Orkon \u0130n\u015faat Ukra \u0130n\u015faat Dikey [&hellip;]<\/p>","protected":false},"author":1,"featured_media":12,"parent":0,"menu_order":0,"comment_status":"closed","ping_status":"closed","template":"elementor_canvas","meta":[],"yoast_head":"<!-- This site is optimized with the Yoast SEO plugin v20.0 - https:\/\/yoast.com\/wordpress\/plugins\/seo\/ -->\n<title>\u00c7\u0131rp\u0131c\u0131 Paslanmaz Referanslar\u0131<\/title>\n<meta name=\"description\" content=\"T\u00fcrkiye&#039;nin ilk paslanmaz dekorasyonlar\u0131n\u0131 ve yat i\u015flerini yapan \u00e7\u0131rp\u0131c\u0131 paslanmaz\u0131n 1950&#039;den beri \u00e7al\u0131\u015ft\u0131\u011f\u0131 firmalar\" \/>\n<meta name=\"robots\" content=\"index, follow, max-snippet:-1, max-image-preview:large, max-video-preview:-1\" \/>\n<link rel=\"canonical\" href=\"http:\/\/www.cirpici.com.tr\/en\/referanslarimiz\/\" \/>\n<meta property=\"og:locale\" content=\"en_US\" \/>\n<meta property=\"og:type\" content=\"article\" \/>\n<meta property=\"og:title\" content=\"\u00c7\u0131rp\u0131c\u0131 Paslanmaz Referanslar\u0131\" \/>\n<meta property=\"og:description\" content=\"T\u00fcrkiye&#039;nin ilk paslanmaz dekorasyonlar\u0131n\u0131 ve yat i\u015flerini yapan \u00e7\u0131rp\u0131c\u0131 paslanmaz\u0131n 1950&#039;den beri \u00e7al\u0131\u015ft\u0131\u011f\u0131 firmalar\" \/>\n<meta property=\"og:url\" content=\"http:\/\/www.cirpici.com.tr\/en\/referanslarimiz\/\" \/>\n<meta property=\"og:site_name\" content=\"&Ccedil;\u0131rp\u0131c\u0131 Paslanmaz Dekorasyon\" \/>\n<meta property=\"article:modified_time\" content=\"2023-04-06T19:27:31+00:00\" \/>\n<meta property=\"og:image\" content=\"http:\/\/www.cirpici.com.tr\/wp-content\/uploads\/2023\/01\/Cirpici-Logo.png\" \/>\n\t<meta property=\"og:image:width\" content=\"1080\" \/>\n\t<meta property=\"og:image:height\" content=\"1080\" \/>\n\t<meta property=\"og:image:type\" content=\"image\/png\" \/>\n<meta name=\"twitter:card\" content=\"summary_large_image\" \/>\n<meta name=\"twitter:label1\" content=\"Est. reading time\" \/>\n\t<meta name=\"twitter:data1\" content=\"2 minutes\" \/>\n<script type=\"application\/ld+json\" class=\"yoast-schema-graph\">{\"@context\":\"https:\/\/schema.org\",\"@graph\":[{\"@type\":\"WebPage\",\"@id\":\"http:\/\/www.cirpici.com.tr\/en\/referanslarimiz\/\",\"url\":\"http:\/\/www.cirpici.com.tr\/en\/referanslarimiz\/\",\"name\":\"\u00c7\u0131rp\u0131c\u0131 Paslanmaz Referanslar\u0131\",\"isPartOf\":{\"@id\":\"http:\/\/www.cirpici.com.tr\/#website\"},\"datePublished\":\"2023-01-25T01:26:34+00:00\",\"dateModified\":\"2023-04-06T19:27:31+00:00\",\"description\":\"T\u00fcrkiye'nin ilk paslanmaz dekorasyonlar\u0131n\u0131 ve yat i\u015flerini yapan \u00e7\u0131rp\u0131c\u0131 paslanmaz\u0131n 1950'den beri \u00e7al\u0131\u015ft\u0131\u011f\u0131 firmalar\",\"breadcrumb\":{\"@id\":\"http:\/\/www.cirpici.com.tr\/en\/referanslarimiz\/#breadcrumb\"},\"inLanguage\":\"en-US\",\"potentialAction\":[{\"@type\":\"ReadAction\",\"target\":[\"http:\/\/www.cirpici.com.tr\/en\/referanslarimiz\/\"]}]},{\"@type\":\"BreadcrumbList\",\"@id\":\"http:\/\/www.cirpici.com.tr\/en\/referanslarimiz\/#breadcrumb\",\"itemListElement\":[{\"@type\":\"ListItem\",\"position\":1,\"name\":\"Anasayfa\",\"item\":\"http:\/\/www.cirpici.com.tr\/\"},{\"@type\":\"ListItem\",\"position\":2,\"name\":\"Referanslar\u0131m\u0131z\"}]},{\"@type\":\"WebSite\",\"@id\":\"http:\/\/www.cirpici.com.tr\/#website\",\"url\":\"http:\/\/www.cirpici.com.tr\/\",\"name\":\"\u00c7\u0131rp\u0131c\u0131 Paslanmaz Dekorasyon\",\"description\":\"Paslanmaz, Pirin&ccedil;, Bak\u0131r, Al&uuml;minyum &Ouml;zel \u0130malatlar\u0131\",\"publisher\":{\"@id\":\"http:\/\/www.cirpici.com.tr\/#organization\"},\"potentialAction\":[{\"@type\":\"SearchAction\",\"target\":{\"@type\":\"EntryPoint\",\"urlTemplate\":\"http:\/\/www.cirpici.com.tr\/?s={search_term_string}\"},\"query-input\":\"required name=search_term_string\"}],\"inLanguage\":\"en-US\"},{\"@type\":\"Organization\",\"@id\":\"http:\/\/www.cirpici.com.tr\/#organization\",\"name\":\"\u00c7\u0131rp\u0131c\u0131 Paslanmaz Dekorasyon\",\"url\":\"http:\/\/www.cirpici.com.tr\/\",\"logo\":{\"@type\":\"ImageObject\",\"inLanguage\":\"en-US\",\"@id\":\"http:\/\/www.cirpici.com.tr\/#\/schema\/logo\/image\/\",\"url\":\"http:\/\/www.cirpici.com.tr\/wp-content\/uploads\/2023\/01\/Cirpici-Logo.png\",\"contentUrl\":\"http:\/\/www.cirpici.com.tr\/wp-content\/uploads\/2023\/01\/Cirpici-Logo.png\",\"width\":1080,\"height\":1080,\"caption\":\"\u00c7\u0131rp\u0131c\u0131 Paslanmaz Dekorasyon\"},\"image\":{\"@id\":\"http:\/\/www.cirpici.com.tr\/#\/schema\/logo\/image\/\"}}]}<\/script>\n<!-- \/ Yoast SEO plugin. -->","yoast_head_json":{"title":"\u00c7\u0131rp\u0131c\u0131 Paslanmaz Referanslar\u0131","description":"T\u00fcrkiye'nin ilk paslanmaz dekorasyonlar\u0131n\u0131 ve yat i\u015flerini yapan \u00e7\u0131rp\u0131c\u0131 paslanmaz\u0131n 1950'den beri \u00e7al\u0131\u015ft\u0131\u011f\u0131 firmalar","robots":{"index":"index","follow":"follow","max-snippet":"max-snippet:-1","max-image-preview":"max-image-preview:large","max-video-preview":"max-video-preview:-1"},"canonical":"http:\/\/www.cirpici.com.tr\/en\/referanslarimiz\/","og_locale":"en_US","og_type":"article","og_title":"\u00c7\u0131rp\u0131c\u0131 Paslanmaz Referanslar\u0131","og_description":"T\u00fcrkiye'nin ilk paslanmaz dekorasyonlar\u0131n\u0131 ve yat i\u015flerini yapan \u00e7\u0131rp\u0131c\u0131 paslanmaz\u0131n 1950'den beri \u00e7al\u0131\u015ft\u0131\u011f\u0131 firmalar","og_url":"http:\/\/www.cirpici.com.tr\/en\/referanslarimiz\/","og_site_name":"&Ccedil;\u0131rp\u0131c\u0131 Paslanmaz Dekorasyon","article_modified_time":"2023-04-06T19:27:31+00:00","og_image":[{"width":1080,"height":1080,"url":"http:\/\/www.cirpici.com.tr\/wp-content\/uploads\/2023\/01\/Cirpici-Logo.png","type":"image\/png"}],"twitter_card":"summary_large_image","twitter_misc":{"Est. reading time":"2 minutes"},"schema":{"@context":"https:\/\/schema.org","@graph":[{"@type":"WebPage","@id":"http:\/\/www.cirpici.com.tr\/en\/referanslarimiz\/","url":"http:\/\/www.cirpici.com.tr\/en\/referanslarimiz\/","name":"\u00c7\u0131rp\u0131c\u0131 Paslanmaz Referanslar\u0131","isPartOf":{"@id":"http:\/\/www.cirpici.com.tr\/#website"},"datePublished":"2023-01-25T01:26:34+00:00","dateModified":"2023-04-06T19:27:31+00:00","description":"T\u00fcrkiye'nin ilk paslanmaz dekorasyonlar\u0131n\u0131 ve yat i\u015flerini yapan \u00e7\u0131rp\u0131c\u0131 paslanmaz\u0131n 1950'den beri \u00e7al\u0131\u015ft\u0131\u011f\u0131 firmalar","breadcrumb":{"@id":"http:\/\/www.cirpici.com.tr\/en\/referanslarimiz\/#breadcrumb"},"inLanguage":"en-US","potentialAction":[{"@type":"ReadAction","target":["http:\/\/www.cirpici.com.tr\/en\/referanslarimiz\/"]}]},{"@type":"BreadcrumbList","@id":"http:\/\/www.cirpici.com.tr\/en\/referanslarimiz\/#breadcrumb","itemListElement":[{"@type":"ListItem","position":1,"name":"Anasayfa","item":"http:\/\/www.cirpici.com.tr\/"},{"@type":"ListItem","position":2,"name":"Referanslar\u0131m\u0131z"}]},{"@type":"WebSite","@id":"http:\/\/www.cirpici.com.tr\/#website","url":"http:\/\/www.cirpici.com.tr\/","name":"\u00c7\u0131rp\u0131c\u0131 Paslanmaz Dekorasyon","description":"Paslanmaz, Pirin&ccedil;, Bak\u0131r, Al&uuml;minyum &Ouml;zel \u0130malatlar\u0131","publisher":{"@id":"http:\/\/www.cirpici.com.tr\/#organization"},"potentialAction":[{"@type":"SearchAction","target":{"@type":"EntryPoint","urlTemplate":"http:\/\/www.cirpici.com.tr\/?s={search_term_string}"},"query-input":"required name=search_term_string"}],"inLanguage":"en-US"},{"@type":"Organization","@id":"http:\/\/www.cirpici.com.tr\/#organization","name":"\u00c7\u0131rp\u0131c\u0131 Paslanmaz Dekorasyon","url":"http:\/\/www.cirpici.com.tr\/","logo":{"@type":"ImageObject","inLanguage":"en-US","@id":"http:\/\/www.cirpici.com.tr\/#\/schema\/logo\/image\/","url":"http:\/\/www.cirpici.com.tr\/wp-content\/uploads\/2023\/01\/Cirpici-Logo.png","contentUrl":"http:\/\/www.cirpici.com.tr\/wp-content\/uploads\/2023\/01\/Cirpici-Logo.png","width":1080,"height":1080,"caption":"\u00c7\u0131rp\u0131c\u0131 Paslanmaz Dekorasyon"},"image":{"@id":"http:\/\/www.cirpici.com.tr\/#\/schema\/logo\/image\/"}}]}},"_links":{"self":[{"href":"http:\/\/www.cirpici.com.tr\/en\/wp-json\/wp\/v2\/pages\/1710"}],"collection":[{"href":"http:\/\/www.cirpici.com.tr\/en\/wp-json\/wp\/v2\/pages"}],"about":[{"href":"http:\/\/www.cirpici.com.tr\/en\/wp-json\/wp\/v2\/types\/page"}],"author":[{"embeddable":true,"href":"http:\/\/www.cirpici.com.tr\/en\/wp-json\/wp\/v2\/users\/1"}],"replies":[{"embeddable":true,"href":"http:\/\/www.cirpici.com.tr\/en\/wp-json\/wp\/v2\/comments?post=1710"}],"version-history":[{"count":13,"href":"http:\/\/www.cirpici.com.tr\/en\/wp-json\/wp\/v2\/pages\/1710\/revisions"}],"predecessor-version":[{"id":2605,"href":"http:\/\/www.cirpici.com.tr\/en\/wp-json\/wp\/v2\/pages\/1710\/revisions\/2605"}],"wp:featuredmedia":[{"embeddable":true,"href":"http:\/\/www.cirpici.com.tr\/en\/wp-json\/wp\/v2\/media\/12"}],"wp:attachment":[{"href":"http:\/\/www.cirpici.com.tr\/en\/wp-json\/wp\/v2\/media?parent=1710"}],"curies":[{"name":"wp","href":"https:\/\/api.w.org\/{rel}","templated":true}]}}