{"id":2275,"date":"2023-01-25T04:09:58","date_gmt":"2023-01-25T04:09:58","guid":{"rendered":"http:\/\/www.cirpici.com.tr\/?page_id=2275"},"modified":"2023-01-25T04:19:39","modified_gmt":"2023-01-25T04:19:39","slug":"merdivenler-ve-korkuluklar","status":"publish","type":"page","link":"http:\/\/www.cirpici.com.tr\/en\/projelerimiz\/merdivenler-ve-korkuluklar\/","title":{"rendered":"Stairs and Railings"},"content":{"rendered":"<div data-elementor-type=\"wp-page\" data-elementor-id=\"2275\" class=\"elementor elementor-2275\">\n\t\t\t\t\t\t\t\t\t<section class=\"elementor-section elementor-top-section elementor-element elementor-element-64453bd elementor-section-boxed elementor-section-height-default elementor-section-height-default wpr-particle-no wpr-jarallax-no wpr-parallax-no wpr-sticky-section-no\" data-id=\"64453bd\" data-element_type=\"section\">\n\t\t\t\t\t\t<div class=\"elementor-container elementor-column-gap-default\">\n\t\t\t\t\t<div class=\"elementor-column elementor-col-100 elementor-top-column elementor-element elementor-element-8b86075\" data-id=\"8b86075\" data-element_type=\"column\">\n\t\t\t<div class=\"elementor-widget-wrap elementor-element-populated\">\n\t\t\t\t\t\t\t\t<div class=\"elementor-element elementor-element-e693c81 elementor-widget elementor-widget-heading\" data-id=\"e693c81\" data-element_type=\"widget\" data-widget_type=\"heading.default\">\n\t\t\t\t<div class=\"elementor-widget-container\">\n\t\t\t<style>\/*! elementor - v3.10.1 - 17-01-2023 *\/\n.elementor-heading-title{padding:0;margin:0;line-height:1}.elementor-widget-heading .elementor-heading-title[class*=elementor-size-]>a{color:inherit;font-size:inherit;line-height:inherit}.elementor-widget-heading .elementor-heading-title.elementor-size-small{font-size:15px}.elementor-widget-heading .elementor-heading-title.elementor-size-medium{font-size:19px}.elementor-widget-heading .elementor-heading-title.elementor-size-large{font-size:29px}.elementor-widget-heading .elementor-heading-title.elementor-size-xl{font-size:39px}.elementor-widget-heading .elementor-heading-title.elementor-size-xxl{font-size:59px}<\/style><h2 class=\"elementor-heading-title elementor-size-default\">Stairs and Railings<\/h2>\t\t<\/div>\n\t\t\t\t<\/div>\n\t\t\t\t\t<\/div>\n\t\t<\/div>\n\t\t\t\t\t\t\t<\/div>\n\t\t<\/section>\n\t\t\t\t<section class=\"elementor-section elementor-top-section elementor-element elementor-element-3577e7b elementor-section-boxed elementor-section-height-default elementor-section-height-default wpr-particle-no wpr-jarallax-no wpr-parallax-no wpr-sticky-section-no\" data-id=\"3577e7b\" data-element_type=\"section\">\n\t\t\t\t\t\t<div class=\"elementor-container elementor-column-gap-wide\">\n\t\t\t\t\t<div class=\"elementor-column elementor-col-50 elementor-top-column elementor-element elementor-element-8d4cc41\" data-id=\"8d4cc41\" data-element_type=\"column\">\n\t\t\t<div class=\"elementor-widget-wrap elementor-element-populated\">\n\t\t\t\t\t\t\t\t<div class=\"elementor-element elementor-element-2daf314 elementor-widget elementor-widget-image\" data-id=\"2daf314\" data-element_type=\"widget\" data-widget_type=\"image.default\">\n\t\t\t\t<div class=\"elementor-widget-container\">\n\t\t\t<style>\/*! elementor - v3.10.1 - 17-01-2023 *\/\n.elementor-widget-image{text-align:center}.elementor-widget-image a{display:inline-block}.elementor-widget-image a img[src$=\".svg\"]{width:48px}.elementor-widget-image img{vertical-align:middle;display:inline-block}<\/style>\t\t\t\t\t\t\t\t\t\t\t\t\t<a href=\"http:\/\/www.cirpici.com.tr\/en\/projelerimiz\/merdivenler-ve-korkuluklar\/agaoglu-1453-merdiven-2\/\">\n\t\t\t\t\t\t\t<img decoding=\"async\" width=\"960\" height=\"540\" src=\"http:\/\/www.cirpici.com.tr\/wp-content\/uploads\/2023\/01\/Agaoglu-1453-Merdiven-1024x576.jpg\" class=\"elementor-animation-grow attachment-large size-large wp-image-2277\" alt=\"\" srcset=\"http:\/\/www.cirpici.com.tr\/wp-content\/uploads\/2023\/01\/Agaoglu-1453-Merdiven-1024x576.jpg 1024w, http:\/\/www.cirpici.com.tr\/wp-content\/uploads\/2023\/01\/Agaoglu-1453-Merdiven-300x169.jpg 300w, http:\/\/www.cirpici.com.tr\/wp-content\/uploads\/2023\/01\/Agaoglu-1453-Merdiven-768x432.jpg 768w, http:\/\/www.cirpici.com.tr\/wp-content\/uploads\/2023\/01\/Agaoglu-1453-Merdiven-1536x864.jpg 1536w, http:\/\/www.cirpici.com.tr\/wp-content\/uploads\/2023\/01\/Agaoglu-1453-Merdiven.jpg 1920w\" sizes=\"(max-width: 960px) 100vw, 960px\" \/>\t\t\t\t\t\t\t\t<\/a>\n\t\t\t\t\t\t\t\t\t\t\t\t\t\t\t<\/div>\n\t\t\t\t<\/div>\n\t\t\t\t\t<\/div>\n\t\t<\/div>\n\t\t\t\t<div class=\"elementor-column elementor-col-50 elementor-top-column elementor-element elementor-element-eb22dec\" data-id=\"eb22dec\" data-element_type=\"column\">\n\t\t\t<div class=\"elementor-widget-wrap elementor-element-populated\">\n\t\t\t\t\t\t\t\t<div class=\"elementor-element elementor-element-59d9513 elementor-widget elementor-widget-image\" data-id=\"59d9513\" data-element_type=\"widget\" data-widget_type=\"image.default\">\n\t\t\t\t<div class=\"elementor-widget-container\">\n\t\t\t\t\t\t\t\t\t\t\t\t\t\t\t\t<a href=\"http:\/\/www.cirpici.com.tr\/en\/projelerimiz\/merdivenler-ve-korkuluklar\/agaoglu-mycity-2\/\">\n\t\t\t\t\t\t\t<img decoding=\"async\" width=\"960\" height=\"540\" src=\"http:\/\/www.cirpici.com.tr\/wp-content\/uploads\/2023\/01\/Agaoglu-mycity-1024x576.jpg\" class=\"elementor-animation-grow attachment-large size-large wp-image-2278\" alt=\"\" srcset=\"http:\/\/www.cirpici.com.tr\/wp-content\/uploads\/2023\/01\/Agaoglu-mycity-1024x576.jpg 1024w, http:\/\/www.cirpici.com.tr\/wp-content\/uploads\/2023\/01\/Agaoglu-mycity-300x169.jpg 300w, http:\/\/www.cirpici.com.tr\/wp-content\/uploads\/2023\/01\/Agaoglu-mycity-768x432.jpg 768w, http:\/\/www.cirpici.com.tr\/wp-content\/uploads\/2023\/01\/Agaoglu-mycity-1536x864.jpg 1536w, http:\/\/www.cirpici.com.tr\/wp-content\/uploads\/2023\/01\/Agaoglu-mycity.jpg 1920w\" sizes=\"(max-width: 960px) 100vw, 960px\" \/>\t\t\t\t\t\t\t\t<\/a>\n\t\t\t\t\t\t\t\t\t\t\t\t\t\t\t<\/div>\n\t\t\t\t<\/div>\n\t\t\t\t\t<\/div>\n\t\t<\/div>\n\t\t\t\t\t\t\t<\/div>\n\t\t<\/section>\n\t\t\t\t<section class=\"elementor-section elementor-top-section elementor-element elementor-element-03cd5af elementor-section-boxed elementor-section-height-default elementor-section-height-default wpr-particle-no wpr-jarallax-no wpr-parallax-no wpr-sticky-section-no\" data-id=\"03cd5af\" data-element_type=\"section\">\n\t\t\t\t\t\t<div class=\"elementor-container elementor-column-gap-wide\">\n\t\t\t\t\t<div class=\"elementor-column elementor-col-50 elementor-top-column elementor-element elementor-element-12285d6\" data-id=\"12285d6\" data-element_type=\"column\">\n\t\t\t<div class=\"elementor-widget-wrap elementor-element-populated\">\n\t\t\t\t\t\t\t\t<div class=\"elementor-element elementor-element-4a88beb elementor-widget elementor-widget-image\" data-id=\"4a88beb\" data-element_type=\"widget\" data-widget_type=\"image.default\">\n\t\t\t\t<div class=\"elementor-widget-container\">\n\t\t\t\t\t\t\t\t\t\t\t\t\t\t\t\t<a href=\"http:\/\/www.cirpici.com.tr\/en\/projelerimiz\/merdivenler-ve-korkuluklar\/basin-adk\/\">\n\t\t\t\t\t\t\t<img decoding=\"async\" width=\"960\" height=\"540\" src=\"http:\/\/www.cirpici.com.tr\/wp-content\/uploads\/2023\/01\/ARMAGAN-NURI-OSMANIYE-1024x576.jpg\" class=\"elementor-animation-grow attachment-large size-large wp-image-2279\" alt=\"\" srcset=\"http:\/\/www.cirpici.com.tr\/wp-content\/uploads\/2023\/01\/ARMAGAN-NURI-OSMANIYE-1024x576.jpg 1024w, http:\/\/www.cirpici.com.tr\/wp-content\/uploads\/2023\/01\/ARMAGAN-NURI-OSMANIYE-300x169.jpg 300w, http:\/\/www.cirpici.com.tr\/wp-content\/uploads\/2023\/01\/ARMAGAN-NURI-OSMANIYE-768x432.jpg 768w, http:\/\/www.cirpici.com.tr\/wp-content\/uploads\/2023\/01\/ARMAGAN-NURI-OSMANIYE-1536x864.jpg 1536w, http:\/\/www.cirpici.com.tr\/wp-content\/uploads\/2023\/01\/ARMAGAN-NURI-OSMANIYE.jpg 1920w\" sizes=\"(max-width: 960px) 100vw, 960px\" \/>\t\t\t\t\t\t\t\t<\/a>\n\t\t\t\t\t\t\t\t\t\t\t\t\t\t\t<\/div>\n\t\t\t\t<\/div>\n\t\t\t\t\t<\/div>\n\t\t<\/div>\n\t\t\t\t<div class=\"elementor-column elementor-col-50 elementor-top-column elementor-element elementor-element-2e0bf6e\" data-id=\"2e0bf6e\" data-element_type=\"column\">\n\t\t\t<div class=\"elementor-widget-wrap elementor-element-populated\">\n\t\t\t\t\t\t\t\t<div class=\"elementor-element elementor-element-6632880 elementor-widget elementor-widget-image\" data-id=\"6632880\" data-element_type=\"widget\" data-widget_type=\"image.default\">\n\t\t\t\t<div class=\"elementor-widget-container\">\n\t\t\t\t\t\t\t\t\t\t\t\t\t\t\t\t<a href=\"http:\/\/www.cirpici.com.tr\/en\/projelerimiz\/magaza-ve-restorant-dekorasyonlarimiz\/vakko-latalier\/\">\n\t\t\t\t\t\t\t<img decoding=\"async\" width=\"960\" height=\"540\" src=\"http:\/\/www.cirpici.com.tr\/wp-content\/uploads\/2023\/01\/adk-1024x576.jpg\" class=\"elementor-animation-grow attachment-large size-large wp-image-2280\" alt=\"\" srcset=\"http:\/\/www.cirpici.com.tr\/wp-content\/uploads\/2023\/01\/adk-1024x576.jpg 1024w, http:\/\/www.cirpici.com.tr\/wp-content\/uploads\/2023\/01\/adk-300x169.jpg 300w, http:\/\/www.cirpici.com.tr\/wp-content\/uploads\/2023\/01\/adk-768x432.jpg 768w, http:\/\/www.cirpici.com.tr\/wp-content\/uploads\/2023\/01\/adk-1536x864.jpg 1536w, http:\/\/www.cirpici.com.tr\/wp-content\/uploads\/2023\/01\/adk.jpg 1920w\" sizes=\"(max-width: 960px) 100vw, 960px\" \/>\t\t\t\t\t\t\t\t<\/a>\n\t\t\t\t\t\t\t\t\t\t\t\t\t\t\t<\/div>\n\t\t\t\t<\/div>\n\t\t\t\t\t<\/div>\n\t\t<\/div>\n\t\t\t\t\t\t\t<\/div>\n\t\t<\/section>\n\t\t\t\t\t\t\t<\/div>","protected":false},"excerpt":{"rendered":"<p>Stairs and Railings<\/p>","protected":false},"author":1,"featured_media":1686,"parent":1692,"menu_order":0,"comment_status":"closed","ping_status":"closed","template":"elementor_canvas","meta":[],"yoast_head":"<!-- This site is optimized with the Yoast SEO plugin v20.0 - https:\/\/yoast.com\/wordpress\/plugins\/seo\/ -->\n<title>Merdivenler ve Korkuluklar<\/title>\n<meta name=\"description\" content=\"\u00c7\u0131rp\u0131c\u0131 Paslanmaz taraf\u0131ndan \u00fcretilmi\u015f olan metal ve t\u00fcrleri dekorasyonlu Merdivenler ve Korkuluklar\" \/>\n<meta name=\"robots\" content=\"index, follow, max-snippet:-1, max-image-preview:large, max-video-preview:-1\" \/>\n<link rel=\"canonical\" href=\"http:\/\/www.cirpici.com.tr\/en\/projelerimiz\/merdivenler-ve-korkuluklar\/\" \/>\n<meta property=\"og:locale\" content=\"en_US\" \/>\n<meta property=\"og:type\" content=\"article\" \/>\n<meta property=\"og:title\" content=\"Merdivenler ve Korkuluklar\" \/>\n<meta property=\"og:description\" content=\"\u00c7\u0131rp\u0131c\u0131 Paslanmaz taraf\u0131ndan \u00fcretilmi\u015f olan metal ve t\u00fcrleri dekorasyonlu Merdivenler ve Korkuluklar\" \/>\n<meta property=\"og:url\" content=\"http:\/\/www.cirpici.com.tr\/en\/projelerimiz\/merdivenler-ve-korkuluklar\/\" \/>\n<meta property=\"og:site_name\" content=\"&Ccedil;\u0131rp\u0131c\u0131 Paslanmaz Dekorasyon\" \/>\n<meta property=\"article:modified_time\" content=\"2023-01-25T04:19:39+00:00\" \/>\n<meta property=\"og:image\" content=\"http:\/\/www.cirpici.com.tr\/wp-content\/uploads\/2023\/01\/Yangin-Merdivenleri-Merdivenler-ve-Korkuluklar.jpg\" \/>\n\t<meta property=\"og:image:width\" content=\"1920\" \/>\n\t<meta property=\"og:image:height\" content=\"1080\" \/>\n\t<meta property=\"og:image:type\" content=\"image\/jpeg\" \/>\n<meta name=\"twitter:card\" content=\"summary_large_image\" \/>\n<meta name=\"twitter:label1\" content=\"Est. reading time\" \/>\n\t<meta name=\"twitter:data1\" content=\"1 minute\" \/>\n<script type=\"application\/ld+json\" class=\"yoast-schema-graph\">{\"@context\":\"https:\/\/schema.org\",\"@graph\":[{\"@type\":\"WebPage\",\"@id\":\"http:\/\/www.cirpici.com.tr\/projelerimiz\/merdivenler-ve-korkuluklar\/\",\"url\":\"http:\/\/www.cirpici.com.tr\/projelerimiz\/merdivenler-ve-korkuluklar\/\",\"name\":\"Merdivenler ve Korkuluklar\",\"isPartOf\":{\"@id\":\"http:\/\/www.cirpici.com.tr\/#website\"},\"datePublished\":\"2023-01-25T04:09:58+00:00\",\"dateModified\":\"2023-01-25T04:19:39+00:00\",\"description\":\"\u00c7\u0131rp\u0131c\u0131 Paslanmaz taraf\u0131ndan \u00fcretilmi\u015f olan metal ve t\u00fcrleri dekorasyonlu Merdivenler ve Korkuluklar\",\"breadcrumb\":{\"@id\":\"http:\/\/www.cirpici.com.tr\/projelerimiz\/merdivenler-ve-korkuluklar\/#breadcrumb\"},\"inLanguage\":\"en-US\",\"potentialAction\":[{\"@type\":\"ReadAction\",\"target\":[\"http:\/\/www.cirpici.com.tr\/projelerimiz\/merdivenler-ve-korkuluklar\/\"]}]},{\"@type\":\"BreadcrumbList\",\"@id\":\"http:\/\/www.cirpici.com.tr\/projelerimiz\/merdivenler-ve-korkuluklar\/#breadcrumb\",\"itemListElement\":[{\"@type\":\"ListItem\",\"position\":1,\"name\":\"Anasayfa\",\"item\":\"http:\/\/www.cirpici.com.tr\/\"},{\"@type\":\"ListItem\",\"position\":2,\"name\":\"Projelerimiz\",\"item\":\"http:\/\/www.cirpici.com.tr\/projelerimiz\/\"},{\"@type\":\"ListItem\",\"position\":3,\"name\":\"Merdivenler ve Korkuluklar\"}]},{\"@type\":\"WebSite\",\"@id\":\"http:\/\/www.cirpici.com.tr\/#website\",\"url\":\"http:\/\/www.cirpici.com.tr\/\",\"name\":\"\u00c7\u0131rp\u0131c\u0131 Paslanmaz Dekorasyon\",\"description\":\"Paslanmaz, Pirin&ccedil;, Bak\u0131r, Al&uuml;minyum &Ouml;zel \u0130malatlar\u0131\",\"publisher\":{\"@id\":\"http:\/\/www.cirpici.com.tr\/#organization\"},\"potentialAction\":[{\"@type\":\"SearchAction\",\"target\":{\"@type\":\"EntryPoint\",\"urlTemplate\":\"http:\/\/www.cirpici.com.tr\/?s={search_term_string}\"},\"query-input\":\"required name=search_term_string\"}],\"inLanguage\":\"en-US\"},{\"@type\":\"Organization\",\"@id\":\"http:\/\/www.cirpici.com.tr\/#organization\",\"name\":\"\u00c7\u0131rp\u0131c\u0131 Paslanmaz Dekorasyon\",\"url\":\"http:\/\/www.cirpici.com.tr\/\",\"logo\":{\"@type\":\"ImageObject\",\"inLanguage\":\"en-US\",\"@id\":\"http:\/\/www.cirpici.com.tr\/#\/schema\/logo\/image\/\",\"url\":\"http:\/\/www.cirpici.com.tr\/wp-content\/uploads\/2023\/01\/Cirpici-Logo.png\",\"contentUrl\":\"http:\/\/www.cirpici.com.tr\/wp-content\/uploads\/2023\/01\/Cirpici-Logo.png\",\"width\":1080,\"height\":1080,\"caption\":\"\u00c7\u0131rp\u0131c\u0131 Paslanmaz Dekorasyon\"},\"image\":{\"@id\":\"http:\/\/www.cirpici.com.tr\/#\/schema\/logo\/image\/\"}}]}<\/script>\n<!-- \/ Yoast SEO plugin. -->","yoast_head_json":{"title":"Merdivenler ve Korkuluklar","description":"\u00c7\u0131rp\u0131c\u0131 Paslanmaz taraf\u0131ndan \u00fcretilmi\u015f olan metal ve t\u00fcrleri dekorasyonlu Merdivenler ve Korkuluklar","robots":{"index":"index","follow":"follow","max-snippet":"max-snippet:-1","max-image-preview":"max-image-preview:large","max-video-preview":"max-video-preview:-1"},"canonical":"http:\/\/www.cirpici.com.tr\/en\/projelerimiz\/merdivenler-ve-korkuluklar\/","og_locale":"en_US","og_type":"article","og_title":"Merdivenler ve Korkuluklar","og_description":"\u00c7\u0131rp\u0131c\u0131 Paslanmaz taraf\u0131ndan \u00fcretilmi\u015f olan metal ve t\u00fcrleri dekorasyonlu Merdivenler ve Korkuluklar","og_url":"http:\/\/www.cirpici.com.tr\/en\/projelerimiz\/merdivenler-ve-korkuluklar\/","og_site_name":"&Ccedil;\u0131rp\u0131c\u0131 Paslanmaz Dekorasyon","article_modified_time":"2023-01-25T04:19:39+00:00","og_image":[{"width":1920,"height":1080,"url":"http:\/\/www.cirpici.com.tr\/wp-content\/uploads\/2023\/01\/Yangin-Merdivenleri-Merdivenler-ve-Korkuluklar.jpg","type":"image\/jpeg"}],"twitter_card":"summary_large_image","twitter_misc":{"Est. reading time":"1 minute"},"schema":{"@context":"https:\/\/schema.org","@graph":[{"@type":"WebPage","@id":"http:\/\/www.cirpici.com.tr\/projelerimiz\/merdivenler-ve-korkuluklar\/","url":"http:\/\/www.cirpici.com.tr\/projelerimiz\/merdivenler-ve-korkuluklar\/","name":"Merdivenler ve Korkuluklar","isPartOf":{"@id":"http:\/\/www.cirpici.com.tr\/#website"},"datePublished":"2023-01-25T04:09:58+00:00","dateModified":"2023-01-25T04:19:39+00:00","description":"\u00c7\u0131rp\u0131c\u0131 Paslanmaz taraf\u0131ndan \u00fcretilmi\u015f olan metal ve t\u00fcrleri dekorasyonlu Merdivenler ve Korkuluklar","breadcrumb":{"@id":"http:\/\/www.cirpici.com.tr\/projelerimiz\/merdivenler-ve-korkuluklar\/#breadcrumb"},"inLanguage":"en-US","potentialAction":[{"@type":"ReadAction","target":["http:\/\/www.cirpici.com.tr\/projelerimiz\/merdivenler-ve-korkuluklar\/"]}]},{"@type":"BreadcrumbList","@id":"http:\/\/www.cirpici.com.tr\/projelerimiz\/merdivenler-ve-korkuluklar\/#breadcrumb","itemListElement":[{"@type":"ListItem","position":1,"name":"Anasayfa","item":"http:\/\/www.cirpici.com.tr\/"},{"@type":"ListItem","position":2,"name":"Projelerimiz","item":"http:\/\/www.cirpici.com.tr\/projelerimiz\/"},{"@type":"ListItem","position":3,"name":"Merdivenler ve Korkuluklar"}]},{"@type":"WebSite","@id":"http:\/\/www.cirpici.com.tr\/#website","url":"http:\/\/www.cirpici.com.tr\/","name":"\u00c7\u0131rp\u0131c\u0131 Paslanmaz Dekorasyon","description":"Paslanmaz, Pirin&ccedil;, Bak\u0131r, Al&uuml;minyum &Ouml;zel \u0130malatlar\u0131","publisher":{"@id":"http:\/\/www.cirpici.com.tr\/#organization"},"potentialAction":[{"@type":"SearchAction","target":{"@type":"EntryPoint","urlTemplate":"http:\/\/www.cirpici.com.tr\/?s={search_term_string}"},"query-input":"required name=search_term_string"}],"inLanguage":"en-US"},{"@type":"Organization","@id":"http:\/\/www.cirpici.com.tr\/#organization","name":"\u00c7\u0131rp\u0131c\u0131 Paslanmaz Dekorasyon","url":"http:\/\/www.cirpici.com.tr\/","logo":{"@type":"ImageObject","inLanguage":"en-US","@id":"http:\/\/www.cirpici.com.tr\/#\/schema\/logo\/image\/","url":"http:\/\/www.cirpici.com.tr\/wp-content\/uploads\/2023\/01\/Cirpici-Logo.png","contentUrl":"http:\/\/www.cirpici.com.tr\/wp-content\/uploads\/2023\/01\/Cirpici-Logo.png","width":1080,"height":1080,"caption":"\u00c7\u0131rp\u0131c\u0131 Paslanmaz Dekorasyon"},"image":{"@id":"http:\/\/www.cirpici.com.tr\/#\/schema\/logo\/image\/"}}]}},"_links":{"self":[{"href":"http:\/\/www.cirpici.com.tr\/en\/wp-json\/wp\/v2\/pages\/2275"}],"collection":[{"href":"http:\/\/www.cirpici.com.tr\/en\/wp-json\/wp\/v2\/pages"}],"about":[{"href":"http:\/\/www.cirpici.com.tr\/en\/wp-json\/wp\/v2\/types\/page"}],"author":[{"embeddable":true,"href":"http:\/\/www.cirpici.com.tr\/en\/wp-json\/wp\/v2\/users\/1"}],"replies":[{"embeddable":true,"href":"http:\/\/www.cirpici.com.tr\/en\/wp-json\/wp\/v2\/comments?post=2275"}],"version-history":[{"count":7,"href":"http:\/\/www.cirpici.com.tr\/en\/wp-json\/wp\/v2\/pages\/2275\/revisions"}],"predecessor-version":[{"id":2332,"href":"http:\/\/www.cirpici.com.tr\/en\/wp-json\/wp\/v2\/pages\/2275\/revisions\/2332"}],"up":[{"embeddable":true,"href":"http:\/\/www.cirpici.com.tr\/en\/wp-json\/wp\/v2\/pages\/1692"}],"wp:featuredmedia":[{"embeddable":true,"href":"http:\/\/www.cirpici.com.tr\/en\/wp-json\/wp\/v2\/media\/1686"}],"wp:attachment":[{"href":"http:\/\/www.cirpici.com.tr\/en\/wp-json\/wp\/v2\/media?parent=2275"}],"curies":[{"name":"wp","href":"https:\/\/api.w.org\/{rel}","templated":true}]}}