{"id":2304,"date":"2023-01-25T04:15:24","date_gmt":"2023-01-25T04:15:24","guid":{"rendered":"http:\/\/www.cirpici.com.tr\/?page_id=2304"},"modified":"2023-01-25T04:17:06","modified_gmt":"2023-01-25T04:17:06","slug":"armaggan-nuri-osmaniye","status":"publish","type":"page","link":"http:\/\/www.cirpici.com.tr\/en\/projelerimiz\/merdivenler-ve-korkuluklar\/armaggan-nuri-osmaniye\/","title":{"rendered":"ARMAGGAN Nuri Osmaniye"},"content":{"rendered":"<div data-elementor-type=\"wp-page\" data-elementor-id=\"2304\" class=\"elementor elementor-2304\">\n\t\t\t\t\t\t\t\t\t<section class=\"elementor-section elementor-top-section elementor-element elementor-element-64453bd elementor-section-boxed elementor-section-height-default elementor-section-height-default wpr-particle-no wpr-jarallax-no wpr-parallax-no wpr-sticky-section-no\" data-id=\"64453bd\" data-element_type=\"section\">\n\t\t\t\t\t\t<div class=\"elementor-container elementor-column-gap-default\">\n\t\t\t\t\t<div class=\"elementor-column elementor-col-100 elementor-top-column elementor-element elementor-element-8b86075\" data-id=\"8b86075\" data-element_type=\"column\">\n\t\t\t<div class=\"elementor-widget-wrap elementor-element-populated\">\n\t\t\t\t\t\t\t\t<div class=\"elementor-element elementor-element-e693c81 elementor-widget elementor-widget-heading\" data-id=\"e693c81\" data-element_type=\"widget\" data-widget_type=\"heading.default\">\n\t\t\t\t<div class=\"elementor-widget-container\">\n\t\t\t<style>\/*! elementor - v3.10.1 - 17-01-2023 *\/\n.elementor-heading-title{padding:0;margin:0;line-height:1}.elementor-widget-heading .elementor-heading-title[class*=elementor-size-]>a{color:inherit;font-size:inherit;line-height:inherit}.elementor-widget-heading .elementor-heading-title.elementor-size-small{font-size:15px}.elementor-widget-heading .elementor-heading-title.elementor-size-medium{font-size:19px}.elementor-widget-heading .elementor-heading-title.elementor-size-large{font-size:29px}.elementor-widget-heading .elementor-heading-title.elementor-size-xl{font-size:39px}.elementor-widget-heading .elementor-heading-title.elementor-size-xxl{font-size:59px}<\/style><h2 class=\"elementor-heading-title elementor-size-default\">ARMAGGAN<\/h2>\t\t<\/div>\n\t\t\t\t<\/div>\n\t\t\t\t\t<\/div>\n\t\t<\/div>\n\t\t\t\t\t\t\t<\/div>\n\t\t<\/section>\n\t\t\t\t<section class=\"elementor-section elementor-top-section elementor-element elementor-element-76d71a3 elementor-section-boxed elementor-section-height-default elementor-section-height-default wpr-particle-no wpr-jarallax-no wpr-parallax-no wpr-sticky-section-no\" data-id=\"76d71a3\" data-element_type=\"section\">\n\t\t\t\t\t\t<div class=\"elementor-container elementor-column-gap-default\">\n\t\t\t\t\t<div class=\"elementor-column elementor-col-33 elementor-top-column elementor-element elementor-element-3fb56d4\" data-id=\"3fb56d4\" data-element_type=\"column\">\n\t\t\t<div class=\"elementor-widget-wrap elementor-element-populated\">\n\t\t\t\t\t\t\t\t<div class=\"elementor-element elementor-element-bd633be elementor-widget elementor-widget-image\" data-id=\"bd633be\" data-element_type=\"widget\" data-widget_type=\"image.default\">\n\t\t\t\t<div class=\"elementor-widget-container\">\n\t\t\t<style>\/*! elementor - v3.10.1 - 17-01-2023 *\/\n.elementor-widget-image{text-align:center}.elementor-widget-image a{display:inline-block}.elementor-widget-image a img[src$=\".svg\"]{width:48px}.elementor-widget-image img{vertical-align:middle;display:inline-block}<\/style>\t\t\t\t\t\t\t\t\t\t\t\t\t<a href=\"http:\/\/www.cirpici.com.tr\/wp-content\/uploads\/2023\/01\/Armagan-Nuri-Osmaniye-Merdiven-Korkuluklari-2-scaled.jpg\" data-elementor-open-lightbox=\"yes\" data-elementor-lightbox-title=\"Armagan Nuri Osmaniye - Merdiven Korkuluklar\u0131 (2)\" e-action-hash=\"#elementor-action%3Aaction%3Dlightbox%26settings%3DeyJpZCI6MjMwOSwidXJsIjoiaHR0cDpcL1wvd3d3LmNpcnBpY2kuY29tLnRyXC93cC1jb250ZW50XC91cGxvYWRzXC8yMDIzXC8wMVwvQXJtYWdhbi1OdXJpLU9zbWFuaXllLU1lcmRpdmVuLUtvcmt1bHVrbGFyaS0yLXNjYWxlZC5qcGcifQ%3D%3D\">\n\t\t\t\t\t\t\t<img decoding=\"async\" width=\"2560\" height=\"1912\" src=\"http:\/\/www.cirpici.com.tr\/wp-content\/uploads\/2023\/01\/Armagan-Nuri-Osmaniye-Merdiven-Korkuluklari-2-scaled.jpg\" class=\"attachment-full size-full wp-image-2309\" alt=\"\" srcset=\"http:\/\/www.cirpici.com.tr\/wp-content\/uploads\/2023\/01\/Armagan-Nuri-Osmaniye-Merdiven-Korkuluklari-2-scaled.jpg 2560w, http:\/\/www.cirpici.com.tr\/wp-content\/uploads\/2023\/01\/Armagan-Nuri-Osmaniye-Merdiven-Korkuluklari-2-300x224.jpg 300w, http:\/\/www.cirpici.com.tr\/wp-content\/uploads\/2023\/01\/Armagan-Nuri-Osmaniye-Merdiven-Korkuluklari-2-1024x765.jpg 1024w, http:\/\/www.cirpici.com.tr\/wp-content\/uploads\/2023\/01\/Armagan-Nuri-Osmaniye-Merdiven-Korkuluklari-2-768x574.jpg 768w, http:\/\/www.cirpici.com.tr\/wp-content\/uploads\/2023\/01\/Armagan-Nuri-Osmaniye-Merdiven-Korkuluklari-2-1536x1147.jpg 1536w, http:\/\/www.cirpici.com.tr\/wp-content\/uploads\/2023\/01\/Armagan-Nuri-Osmaniye-Merdiven-Korkuluklari-2-2048x1530.jpg 2048w\" sizes=\"(max-width: 2560px) 100vw, 2560px\" \/>\t\t\t\t\t\t\t\t<\/a>\n\t\t\t\t\t\t\t\t\t\t\t\t\t\t\t<\/div>\n\t\t\t\t<\/div>\n\t\t\t\t\t<\/div>\n\t\t<\/div>\n\t\t\t\t<div class=\"elementor-column elementor-col-33 elementor-top-column elementor-element elementor-element-bb4f407\" data-id=\"bb4f407\" data-element_type=\"column\">\n\t\t\t<div class=\"elementor-widget-wrap elementor-element-populated\">\n\t\t\t\t\t\t\t\t<div class=\"elementor-element elementor-element-f1d8c7e elementor-widget elementor-widget-image\" data-id=\"f1d8c7e\" data-element_type=\"widget\" data-widget_type=\"image.default\">\n\t\t\t\t<div class=\"elementor-widget-container\">\n\t\t\t\t\t\t\t\t\t\t\t\t\t\t\t\t<a href=\"http:\/\/www.cirpici.com.tr\/wp-content\/uploads\/2023\/01\/Armagan-Nuri-Osmaniye-Merdiven-Korkuluklari-3-scaled.jpg\" data-elementor-open-lightbox=\"yes\" data-elementor-lightbox-title=\"Armagan Nuri Osmaniye - Merdiven Korkuluklar\u0131 (3)\" e-action-hash=\"#elementor-action%3Aaction%3Dlightbox%26settings%3DeyJpZCI6MjMxMCwidXJsIjoiaHR0cDpcL1wvd3d3LmNpcnBpY2kuY29tLnRyXC93cC1jb250ZW50XC91cGxvYWRzXC8yMDIzXC8wMVwvQXJtYWdhbi1OdXJpLU9zbWFuaXllLU1lcmRpdmVuLUtvcmt1bHVrbGFyaS0zLXNjYWxlZC5qcGcifQ%3D%3D\">\n\t\t\t\t\t\t\t<img decoding=\"async\" width=\"2560\" height=\"1912\" src=\"http:\/\/www.cirpici.com.tr\/wp-content\/uploads\/2023\/01\/Armagan-Nuri-Osmaniye-Merdiven-Korkuluklari-3-scaled.jpg\" class=\"attachment-full size-full wp-image-2310\" alt=\"\" srcset=\"http:\/\/www.cirpici.com.tr\/wp-content\/uploads\/2023\/01\/Armagan-Nuri-Osmaniye-Merdiven-Korkuluklari-3-scaled.jpg 2560w, http:\/\/www.cirpici.com.tr\/wp-content\/uploads\/2023\/01\/Armagan-Nuri-Osmaniye-Merdiven-Korkuluklari-3-300x224.jpg 300w, http:\/\/www.cirpici.com.tr\/wp-content\/uploads\/2023\/01\/Armagan-Nuri-Osmaniye-Merdiven-Korkuluklari-3-1024x765.jpg 1024w, http:\/\/www.cirpici.com.tr\/wp-content\/uploads\/2023\/01\/Armagan-Nuri-Osmaniye-Merdiven-Korkuluklari-3-768x574.jpg 768w, http:\/\/www.cirpici.com.tr\/wp-content\/uploads\/2023\/01\/Armagan-Nuri-Osmaniye-Merdiven-Korkuluklari-3-1536x1147.jpg 1536w, http:\/\/www.cirpici.com.tr\/wp-content\/uploads\/2023\/01\/Armagan-Nuri-Osmaniye-Merdiven-Korkuluklari-3-2048x1530.jpg 2048w\" sizes=\"(max-width: 2560px) 100vw, 2560px\" \/>\t\t\t\t\t\t\t\t<\/a>\n\t\t\t\t\t\t\t\t\t\t\t\t\t\t\t<\/div>\n\t\t\t\t<\/div>\n\t\t\t\t\t<\/div>\n\t\t<\/div>\n\t\t\t\t<div class=\"elementor-column elementor-col-33 elementor-top-column elementor-element elementor-element-0b9953f\" data-id=\"0b9953f\" data-element_type=\"column\">\n\t\t\t<div class=\"elementor-widget-wrap elementor-element-populated\">\n\t\t\t\t\t\t\t\t<div class=\"elementor-element elementor-element-1d0d812 elementor-widget elementor-widget-image\" data-id=\"1d0d812\" data-element_type=\"widget\" data-widget_type=\"image.default\">\n\t\t\t\t<div class=\"elementor-widget-container\">\n\t\t\t\t\t\t\t\t\t\t\t\t\t\t\t\t<a href=\"http:\/\/www.cirpici.com.tr\/wp-content\/uploads\/2023\/01\/Armagan-Nuri-Osmaniye-Merdiven-Korkuluklari-4-scaled.jpg\" data-elementor-open-lightbox=\"yes\" data-elementor-lightbox-title=\"Armagan Nuri Osmaniye - Merdiven Korkuluklar\u0131 (4)\" e-action-hash=\"#elementor-action%3Aaction%3Dlightbox%26settings%3DeyJpZCI6MjMxMSwidXJsIjoiaHR0cDpcL1wvd3d3LmNpcnBpY2kuY29tLnRyXC93cC1jb250ZW50XC91cGxvYWRzXC8yMDIzXC8wMVwvQXJtYWdhbi1OdXJpLU9zbWFuaXllLU1lcmRpdmVuLUtvcmt1bHVrbGFyaS00LXNjYWxlZC5qcGcifQ%3D%3D\">\n\t\t\t\t\t\t\t<img decoding=\"async\" width=\"2560\" height=\"1912\" src=\"http:\/\/www.cirpici.com.tr\/wp-content\/uploads\/2023\/01\/Armagan-Nuri-Osmaniye-Merdiven-Korkuluklari-4-scaled.jpg\" class=\"attachment-full size-full wp-image-2311\" alt=\"\" srcset=\"http:\/\/www.cirpici.com.tr\/wp-content\/uploads\/2023\/01\/Armagan-Nuri-Osmaniye-Merdiven-Korkuluklari-4-scaled.jpg 2560w, http:\/\/www.cirpici.com.tr\/wp-content\/uploads\/2023\/01\/Armagan-Nuri-Osmaniye-Merdiven-Korkuluklari-4-300x224.jpg 300w, http:\/\/www.cirpici.com.tr\/wp-content\/uploads\/2023\/01\/Armagan-Nuri-Osmaniye-Merdiven-Korkuluklari-4-1024x765.jpg 1024w, http:\/\/www.cirpici.com.tr\/wp-content\/uploads\/2023\/01\/Armagan-Nuri-Osmaniye-Merdiven-Korkuluklari-4-768x574.jpg 768w, http:\/\/www.cirpici.com.tr\/wp-content\/uploads\/2023\/01\/Armagan-Nuri-Osmaniye-Merdiven-Korkuluklari-4-1536x1147.jpg 1536w, http:\/\/www.cirpici.com.tr\/wp-content\/uploads\/2023\/01\/Armagan-Nuri-Osmaniye-Merdiven-Korkuluklari-4-2048x1530.jpg 2048w\" sizes=\"(max-width: 2560px) 100vw, 2560px\" \/>\t\t\t\t\t\t\t\t<\/a>\n\t\t\t\t\t\t\t\t\t\t\t\t\t\t\t<\/div>\n\t\t\t\t<\/div>\n\t\t\t\t\t<\/div>\n\t\t<\/div>\n\t\t\t\t\t\t\t<\/div>\n\t\t<\/section>\n\t\t\t\t<section class=\"elementor-section elementor-top-section elementor-element elementor-element-bd541ff elementor-section-boxed elementor-section-height-default elementor-section-height-default wpr-particle-no wpr-jarallax-no wpr-parallax-no wpr-sticky-section-no\" data-id=\"bd541ff\" data-element_type=\"section\">\n\t\t\t\t\t\t<div class=\"elementor-container elementor-column-gap-default\">\n\t\t\t\t\t<div class=\"elementor-column elementor-col-33 elementor-top-column elementor-element elementor-element-4070190\" data-id=\"4070190\" data-element_type=\"column\">\n\t\t\t<div class=\"elementor-widget-wrap elementor-element-populated\">\n\t\t\t\t\t\t\t\t<div class=\"elementor-element elementor-element-3b215ab elementor-widget elementor-widget-image\" data-id=\"3b215ab\" data-element_type=\"widget\" data-widget_type=\"image.default\">\n\t\t\t\t<div class=\"elementor-widget-container\">\n\t\t\t\t\t\t\t\t\t\t\t\t\t\t\t\t<a href=\"http:\/\/www.cirpici.com.tr\/wp-content\/uploads\/2023\/01\/ARMAGGAN-Merdiven-Detay-scaled.jpg\" data-elementor-open-lightbox=\"yes\" data-elementor-lightbox-title=\"ARMAGGAN - Merdiven Detay\" e-action-hash=\"#elementor-action%3Aaction%3Dlightbox%26settings%3DeyJpZCI6MjMxMiwidXJsIjoiaHR0cDpcL1wvd3d3LmNpcnBpY2kuY29tLnRyXC93cC1jb250ZW50XC91cGxvYWRzXC8yMDIzXC8wMVwvQVJNQUdHQU4tTWVyZGl2ZW4tRGV0YXktc2NhbGVkLmpwZyJ9\">\n\t\t\t\t\t\t\t<img decoding=\"async\" width=\"2560\" height=\"1912\" src=\"http:\/\/www.cirpici.com.tr\/wp-content\/uploads\/2023\/01\/ARMAGGAN-Merdiven-Detay-scaled.jpg\" class=\"attachment-full size-full wp-image-2312\" alt=\"\" srcset=\"http:\/\/www.cirpici.com.tr\/wp-content\/uploads\/2023\/01\/ARMAGGAN-Merdiven-Detay-scaled.jpg 2560w, http:\/\/www.cirpici.com.tr\/wp-content\/uploads\/2023\/01\/ARMAGGAN-Merdiven-Detay-300x224.jpg 300w, http:\/\/www.cirpici.com.tr\/wp-content\/uploads\/2023\/01\/ARMAGGAN-Merdiven-Detay-1024x765.jpg 1024w, http:\/\/www.cirpici.com.tr\/wp-content\/uploads\/2023\/01\/ARMAGGAN-Merdiven-Detay-768x574.jpg 768w, http:\/\/www.cirpici.com.tr\/wp-content\/uploads\/2023\/01\/ARMAGGAN-Merdiven-Detay-1536x1147.jpg 1536w, http:\/\/www.cirpici.com.tr\/wp-content\/uploads\/2023\/01\/ARMAGGAN-Merdiven-Detay-2048x1530.jpg 2048w\" sizes=\"(max-width: 2560px) 100vw, 2560px\" \/>\t\t\t\t\t\t\t\t<\/a>\n\t\t\t\t\t\t\t\t\t\t\t\t\t\t\t<\/div>\n\t\t\t\t<\/div>\n\t\t\t\t\t<\/div>\n\t\t<\/div>\n\t\t\t\t<div class=\"elementor-column elementor-col-33 elementor-top-column elementor-element elementor-element-3cb7959\" data-id=\"3cb7959\" data-element_type=\"column\">\n\t\t\t<div class=\"elementor-widget-wrap elementor-element-populated\">\n\t\t\t\t\t\t\t\t<div class=\"elementor-element elementor-element-57034e2 elementor-widget elementor-widget-image\" data-id=\"57034e2\" data-element_type=\"widget\" data-widget_type=\"image.default\">\n\t\t\t\t<div class=\"elementor-widget-container\">\n\t\t\t\t\t\t\t\t\t\t\t\t\t\t\t<img decoding=\"async\" width=\"960\" height=\"717\" src=\"http:\/\/www.cirpici.com.tr\/wp-content\/uploads\/2023\/01\/IMG_2257-1024x765.jpg\" class=\"attachment-large size-large wp-image-2316\" alt=\"\" srcset=\"http:\/\/www.cirpici.com.tr\/wp-content\/uploads\/2023\/01\/IMG_2257-1024x765.jpg 1024w, http:\/\/www.cirpici.com.tr\/wp-content\/uploads\/2023\/01\/IMG_2257-300x224.jpg 300w, http:\/\/www.cirpici.com.tr\/wp-content\/uploads\/2023\/01\/IMG_2257-768x574.jpg 768w, http:\/\/www.cirpici.com.tr\/wp-content\/uploads\/2023\/01\/IMG_2257-1536x1147.jpg 1536w, http:\/\/www.cirpici.com.tr\/wp-content\/uploads\/2023\/01\/IMG_2257-2048x1530.jpg 2048w\" sizes=\"(max-width: 960px) 100vw, 960px\" \/>\t\t\t\t\t\t\t\t\t\t\t\t\t\t\t<\/div>\n\t\t\t\t<\/div>\n\t\t\t\t\t<\/div>\n\t\t<\/div>\n\t\t\t\t<div class=\"elementor-column elementor-col-33 elementor-top-column elementor-element elementor-element-3c0a5d1\" data-id=\"3c0a5d1\" data-element_type=\"column\">\n\t\t\t<div class=\"elementor-widget-wrap\">\n\t\t\t\t\t\t\t\t\t<\/div>\n\t\t<\/div>\n\t\t\t\t\t\t\t<\/div>\n\t\t<\/section>\n\t\t\t\t\t\t\t<\/div>","protected":false},"excerpt":{"rendered":"<p>ARMAGGAN<\/p>","protected":false},"author":1,"featured_media":2279,"parent":2275,"menu_order":0,"comment_status":"closed","ping_status":"closed","template":"elementor_canvas","meta":[],"yoast_head":"<!-- This site is optimized with the Yoast SEO plugin v20.0 - https:\/\/yoast.com\/wordpress\/plugins\/seo\/ -->\n<title>ARMAGGAN Nuri Osmaniye<\/title>\n<meta name=\"description\" content=\"\u00c7\u0131rp\u0131c\u0131 Paslanmaz projesi ARMAGGAN Nuri Osmaniye\" \/>\n<meta name=\"robots\" content=\"index, follow, max-snippet:-1, max-image-preview:large, max-video-preview:-1\" \/>\n<link rel=\"canonical\" href=\"http:\/\/www.cirpici.com.tr\/en\/projelerimiz\/merdivenler-ve-korkuluklar\/armaggan-nuri-osmaniye\/\" \/>\n<meta property=\"og:locale\" content=\"en_US\" \/>\n<meta property=\"og:type\" content=\"article\" \/>\n<meta property=\"og:title\" content=\"ARMAGGAN Nuri Osmaniye\" \/>\n<meta property=\"og:description\" content=\"\u00c7\u0131rp\u0131c\u0131 Paslanmaz projesi ARMAGGAN Nuri Osmaniye\" \/>\n<meta property=\"og:url\" content=\"http:\/\/www.cirpici.com.tr\/en\/projelerimiz\/merdivenler-ve-korkuluklar\/armaggan-nuri-osmaniye\/\" \/>\n<meta property=\"og:site_name\" content=\"&Ccedil;\u0131rp\u0131c\u0131 Paslanmaz Dekorasyon\" \/>\n<meta property=\"article:modified_time\" content=\"2023-01-25T04:17:06+00:00\" \/>\n<meta property=\"og:image\" content=\"http:\/\/www.cirpici.com.tr\/wp-content\/uploads\/2023\/01\/ARMAGAN-NURI-OSMANIYE.jpg\" \/>\n\t<meta property=\"og:image:width\" content=\"1920\" \/>\n\t<meta property=\"og:image:height\" content=\"1080\" \/>\n\t<meta property=\"og:image:type\" content=\"image\/jpeg\" \/>\n<meta name=\"twitter:card\" content=\"summary_large_image\" \/>\n<meta name=\"twitter:label1\" content=\"Est. reading time\" \/>\n\t<meta name=\"twitter:data1\" content=\"2 minutes\" \/>\n<script type=\"application\/ld+json\" class=\"yoast-schema-graph\">{\"@context\":\"https:\/\/schema.org\",\"@graph\":[{\"@type\":\"WebPage\",\"@id\":\"http:\/\/www.cirpici.com.tr\/projelerimiz\/merdivenler-ve-korkuluklar\/armaggan-nuri-osmaniye\/\",\"url\":\"http:\/\/www.cirpici.com.tr\/projelerimiz\/merdivenler-ve-korkuluklar\/armaggan-nuri-osmaniye\/\",\"name\":\"ARMAGGAN Nuri Osmaniye\",\"isPartOf\":{\"@id\":\"https:\/\/www.cirpici.com.tr\/#website\"},\"datePublished\":\"2023-01-25T04:15:24+00:00\",\"dateModified\":\"2023-01-25T04:17:06+00:00\",\"description\":\"\u00c7\u0131rp\u0131c\u0131 Paslanmaz projesi ARMAGGAN Nuri Osmaniye\",\"breadcrumb\":{\"@id\":\"http:\/\/www.cirpici.com.tr\/projelerimiz\/merdivenler-ve-korkuluklar\/armaggan-nuri-osmaniye\/#breadcrumb\"},\"inLanguage\":\"en-US\",\"potentialAction\":[{\"@type\":\"ReadAction\",\"target\":[\"http:\/\/www.cirpici.com.tr\/projelerimiz\/merdivenler-ve-korkuluklar\/armaggan-nuri-osmaniye\/\"]}]},{\"@type\":\"BreadcrumbList\",\"@id\":\"http:\/\/www.cirpici.com.tr\/projelerimiz\/merdivenler-ve-korkuluklar\/armaggan-nuri-osmaniye\/#breadcrumb\",\"itemListElement\":[{\"@type\":\"ListItem\",\"position\":1,\"name\":\"Anasayfa\",\"item\":\"https:\/\/www.cirpici.com.tr\/\"},{\"@type\":\"ListItem\",\"position\":2,\"name\":\"Projelerimiz\",\"item\":\"https:\/\/www.cirpici.com.tr\/en\/projelerimiz\/\"},{\"@type\":\"ListItem\",\"position\":3,\"name\":\"Merdivenler ve Korkuluklar\",\"item\":\"https:\/\/www.cirpici.com.tr\/projelerimiz\/merdivenler-ve-korkuluklar\/\"},{\"@type\":\"ListItem\",\"position\":4,\"name\":\"ARMAGGAN Nuri Osmaniye\"}]},{\"@type\":\"WebSite\",\"@id\":\"https:\/\/www.cirpici.com.tr\/#website\",\"url\":\"https:\/\/www.cirpici.com.tr\/\",\"name\":\"\u00c7\u0131rp\u0131c\u0131 Paslanmaz Dekorasyon\",\"description\":\"Paslanmaz, Pirin&ccedil;, Bak\u0131r, Al&uuml;minyum &Ouml;zel \u0130malatlar\u0131\",\"publisher\":{\"@id\":\"https:\/\/www.cirpici.com.tr\/#organization\"},\"potentialAction\":[{\"@type\":\"SearchAction\",\"target\":{\"@type\":\"EntryPoint\",\"urlTemplate\":\"https:\/\/www.cirpici.com.tr\/?s={search_term_string}\"},\"query-input\":\"required name=search_term_string\"}],\"inLanguage\":\"en-US\"},{\"@type\":\"Organization\",\"@id\":\"https:\/\/www.cirpici.com.tr\/#organization\",\"name\":\"\u00c7\u0131rp\u0131c\u0131 Paslanmaz Dekorasyon\",\"url\":\"https:\/\/www.cirpici.com.tr\/\",\"logo\":{\"@type\":\"ImageObject\",\"inLanguage\":\"en-US\",\"@id\":\"https:\/\/www.cirpici.com.tr\/#\/schema\/logo\/image\/\",\"url\":\"http:\/\/www.cirpici.com.tr\/wp-content\/uploads\/2023\/01\/Cirpici-Logo.png\",\"contentUrl\":\"http:\/\/www.cirpici.com.tr\/wp-content\/uploads\/2023\/01\/Cirpici-Logo.png\",\"width\":1080,\"height\":1080,\"caption\":\"\u00c7\u0131rp\u0131c\u0131 Paslanmaz Dekorasyon\"},\"image\":{\"@id\":\"https:\/\/www.cirpici.com.tr\/#\/schema\/logo\/image\/\"}}]}<\/script>\n<!-- \/ Yoast SEO plugin. -->","yoast_head_json":{"title":"ARMAGGAN Nuri Osmaniye","description":"\u00c7\u0131rp\u0131c\u0131 Paslanmaz projesi ARMAGGAN Nuri Osmaniye","robots":{"index":"index","follow":"follow","max-snippet":"max-snippet:-1","max-image-preview":"max-image-preview:large","max-video-preview":"max-video-preview:-1"},"canonical":"http:\/\/www.cirpici.com.tr\/en\/projelerimiz\/merdivenler-ve-korkuluklar\/armaggan-nuri-osmaniye\/","og_locale":"en_US","og_type":"article","og_title":"ARMAGGAN Nuri Osmaniye","og_description":"\u00c7\u0131rp\u0131c\u0131 Paslanmaz projesi ARMAGGAN Nuri Osmaniye","og_url":"http:\/\/www.cirpici.com.tr\/en\/projelerimiz\/merdivenler-ve-korkuluklar\/armaggan-nuri-osmaniye\/","og_site_name":"&Ccedil;\u0131rp\u0131c\u0131 Paslanmaz Dekorasyon","article_modified_time":"2023-01-25T04:17:06+00:00","og_image":[{"width":1920,"height":1080,"url":"http:\/\/www.cirpici.com.tr\/wp-content\/uploads\/2023\/01\/ARMAGAN-NURI-OSMANIYE.jpg","type":"image\/jpeg"}],"twitter_card":"summary_large_image","twitter_misc":{"Est. reading time":"2 minutes"},"schema":{"@context":"https:\/\/schema.org","@graph":[{"@type":"WebPage","@id":"http:\/\/www.cirpici.com.tr\/projelerimiz\/merdivenler-ve-korkuluklar\/armaggan-nuri-osmaniye\/","url":"http:\/\/www.cirpici.com.tr\/projelerimiz\/merdivenler-ve-korkuluklar\/armaggan-nuri-osmaniye\/","name":"ARMAGGAN Nuri Osmaniye","isPartOf":{"@id":"https:\/\/www.cirpici.com.tr\/#website"},"datePublished":"2023-01-25T04:15:24+00:00","dateModified":"2023-01-25T04:17:06+00:00","description":"\u00c7\u0131rp\u0131c\u0131 Paslanmaz projesi ARMAGGAN Nuri Osmaniye","breadcrumb":{"@id":"http:\/\/www.cirpici.com.tr\/projelerimiz\/merdivenler-ve-korkuluklar\/armaggan-nuri-osmaniye\/#breadcrumb"},"inLanguage":"en-US","potentialAction":[{"@type":"ReadAction","target":["http:\/\/www.cirpici.com.tr\/projelerimiz\/merdivenler-ve-korkuluklar\/armaggan-nuri-osmaniye\/"]}]},{"@type":"BreadcrumbList","@id":"http:\/\/www.cirpici.com.tr\/projelerimiz\/merdivenler-ve-korkuluklar\/armaggan-nuri-osmaniye\/#breadcrumb","itemListElement":[{"@type":"ListItem","position":1,"name":"Anasayfa","item":"https:\/\/www.cirpici.com.tr\/"},{"@type":"ListItem","position":2,"name":"Projelerimiz","item":"https:\/\/www.cirpici.com.tr\/en\/projelerimiz\/"},{"@type":"ListItem","position":3,"name":"Merdivenler ve Korkuluklar","item":"https:\/\/www.cirpici.com.tr\/projelerimiz\/merdivenler-ve-korkuluklar\/"},{"@type":"ListItem","position":4,"name":"ARMAGGAN Nuri Osmaniye"}]},{"@type":"WebSite","@id":"https:\/\/www.cirpici.com.tr\/#website","url":"https:\/\/www.cirpici.com.tr\/","name":"\u00c7\u0131rp\u0131c\u0131 Paslanmaz Dekorasyon","description":"Paslanmaz, Pirin&ccedil;, Bak\u0131r, Al&uuml;minyum &Ouml;zel \u0130malatlar\u0131","publisher":{"@id":"https:\/\/www.cirpici.com.tr\/#organization"},"potentialAction":[{"@type":"SearchAction","target":{"@type":"EntryPoint","urlTemplate":"https:\/\/www.cirpici.com.tr\/?s={search_term_string}"},"query-input":"required name=search_term_string"}],"inLanguage":"en-US"},{"@type":"Organization","@id":"https:\/\/www.cirpici.com.tr\/#organization","name":"\u00c7\u0131rp\u0131c\u0131 Paslanmaz Dekorasyon","url":"https:\/\/www.cirpici.com.tr\/","logo":{"@type":"ImageObject","inLanguage":"en-US","@id":"https:\/\/www.cirpici.com.tr\/#\/schema\/logo\/image\/","url":"http:\/\/www.cirpici.com.tr\/wp-content\/uploads\/2023\/01\/Cirpici-Logo.png","contentUrl":"http:\/\/www.cirpici.com.tr\/wp-content\/uploads\/2023\/01\/Cirpici-Logo.png","width":1080,"height":1080,"caption":"\u00c7\u0131rp\u0131c\u0131 Paslanmaz Dekorasyon"},"image":{"@id":"https:\/\/www.cirpici.com.tr\/#\/schema\/logo\/image\/"}}]}},"_links":{"self":[{"href":"http:\/\/www.cirpici.com.tr\/en\/wp-json\/wp\/v2\/pages\/2304"}],"collection":[{"href":"http:\/\/www.cirpici.com.tr\/en\/wp-json\/wp\/v2\/pages"}],"about":[{"href":"http:\/\/www.cirpici.com.tr\/en\/wp-json\/wp\/v2\/types\/page"}],"author":[{"embeddable":true,"href":"http:\/\/www.cirpici.com.tr\/en\/wp-json\/wp\/v2\/users\/1"}],"replies":[{"embeddable":true,"href":"http:\/\/www.cirpici.com.tr\/en\/wp-json\/wp\/v2\/comments?post=2304"}],"version-history":[{"count":10,"href":"http:\/\/www.cirpici.com.tr\/en\/wp-json\/wp\/v2\/pages\/2304\/revisions"}],"predecessor-version":[{"id":2319,"href":"http:\/\/www.cirpici.com.tr\/en\/wp-json\/wp\/v2\/pages\/2304\/revisions\/2319"}],"up":[{"embeddable":true,"href":"http:\/\/www.cirpici.com.tr\/en\/wp-json\/wp\/v2\/pages\/2275"}],"wp:featuredmedia":[{"embeddable":true,"href":"http:\/\/www.cirpici.com.tr\/en\/wp-json\/wp\/v2\/media\/2279"}],"wp:attachment":[{"href":"http:\/\/www.cirpici.com.tr\/en\/wp-json\/wp\/v2\/media?parent=2304"}],"curies":[{"name":"wp","href":"https:\/\/api.w.org\/{rel}","templated":true}]}}